{"id":222,"date":"2022-03-18T11:08:05","date_gmt":"2022-03-18T10:08:05","guid":{"rendered":"https:\/\/bystron.com.pl\/?page_id=222"},"modified":"2022-04-22T10:10:57","modified_gmt":"2022-04-22T08:10:57","slug":"tabor","status":"publish","type":"page","link":"https:\/\/bystron.com.pl\/index.php\/tabor\/","title":{"rendered":"TABOR"},"content":{"rendered":"\t\t<div data-elementor-type=\"wp-page\" data-elementor-id=\"222\" class=\"elementor elementor-222\" data-elementor-settings=\"[]\">\n\t\t\t\t\t\t\t<div class=\"elementor-section-wrap\">\n\t\t\t\t\t\t\t<section class=\"elementor-section elementor-top-section elementor-element elementor-element-022a1d0 elementor-section-boxed elementor-section-height-default elementor-section-height-default\" data-id=\"022a1d0\" data-element_type=\"section\">\n\t\t\t\t\t\t<div class=\"elementor-container elementor-column-gap-default\">\n\t\t\t\t\t<div class=\"elementor-column elementor-col-100 elementor-top-column elementor-element elementor-element-edf5d44\" data-id=\"edf5d44\" data-element_type=\"column\">\n\t\t\t<div class=\"elementor-widget-wrap elementor-element-populated\">\n\t\t\t\t\t\t\t\t<div class=\"elementor-element elementor-element-80b60ab elementor-widget elementor-widget-image-gallery\" data-id=\"80b60ab\" data-element_type=\"widget\" data-widget_type=\"image-gallery.default\">\n\t\t\t\t<div class=\"elementor-widget-container\">\n\t\t\t<style>\/*! elementor - v3.5.6 - 28-02-2022 *\/\n.elementor-image-gallery .gallery-item{display:inline-block;text-align:center;vertical-align:top;width:100%;max-width:100%;margin:0 auto}.elementor-image-gallery .gallery-item img{margin:0 auto}.elementor-image-gallery .gallery-item .gallery-caption{margin:0}.elementor-image-gallery figure img{display:block}.elementor-image-gallery figure figcaption{width:100%}.gallery-spacing-custom .elementor-image-gallery .gallery-icon{padding:0}@media (min-width:768px){.elementor-image-gallery .gallery-columns-2 .gallery-item{max-width:50%}.elementor-image-gallery .gallery-columns-3 .gallery-item{max-width:33.33%}.elementor-image-gallery .gallery-columns-4 .gallery-item{max-width:25%}.elementor-image-gallery .gallery-columns-5 .gallery-item{max-width:20%}.elementor-image-gallery .gallery-columns-6 .gallery-item{max-width:16.666%}.elementor-image-gallery .gallery-columns-7 .gallery-item{max-width:14.28%}.elementor-image-gallery .gallery-columns-8 .gallery-item{max-width:12.5%}.elementor-image-gallery .gallery-columns-9 .gallery-item{max-width:11.11%}.elementor-image-gallery .gallery-columns-10 .gallery-item{max-width:10%}}@media (min-width:480px) and (max-width:767px){.elementor-image-gallery .gallery.gallery-columns-2 .gallery-item,.elementor-image-gallery .gallery.gallery-columns-3 .gallery-item,.elementor-image-gallery .gallery.gallery-columns-4 .gallery-item,.elementor-image-gallery .gallery.gallery-columns-5 .gallery-item,.elementor-image-gallery .gallery.gallery-columns-6 .gallery-item,.elementor-image-gallery .gallery.gallery-columns-7 .gallery-item,.elementor-image-gallery .gallery.gallery-columns-8 .gallery-item,.elementor-image-gallery .gallery.gallery-columns-9 .gallery-item,.elementor-image-gallery .gallery.gallery-columns-10 .gallery-item{max-width:50%}}@media (max-width:479px){.elementor-image-gallery .gallery.gallery-columns-2 .gallery-item,.elementor-image-gallery .gallery.gallery-columns-3 .gallery-item,.elementor-image-gallery .gallery.gallery-columns-4 .gallery-item,.elementor-image-gallery .gallery.gallery-columns-5 .gallery-item,.elementor-image-gallery .gallery.gallery-columns-6 .gallery-item,.elementor-image-gallery .gallery.gallery-columns-7 .gallery-item,.elementor-image-gallery .gallery.gallery-columns-8 .gallery-item,.elementor-image-gallery .gallery.gallery-columns-9 .gallery-item,.elementor-image-gallery .gallery.gallery-columns-10 .gallery-item{max-width:100%}}<\/style>\t\t<div class=\"elementor-image-gallery\">\n\t\t\t<div id='gallery-1' class='gallery galleryid-222 gallery-columns-3 gallery-size-medium_large'><dl class='gallery-item'>\n\t\t\t<dt class='gallery-icon landscape'>\n\t\t\t\t<a data-elementor-open-lightbox=\"yes\" data-elementor-lightbox-slideshow=\"80b60ab\" data-elementor-lightbox-title=\"Ci\u0119\u017car\u00f3wki, Bystron\" e-action-hash=\"#elementor-action%3Aaction%3Dlightbox%26settings%3DeyJpZCI6MjA0LCJ1cmwiOiJodHRwczpcL1wvYnlzdHJvbi5jb20ucGxcL3dwLWNvbnRlbnRcL3VwbG9hZHNcLzIwMjJcLzAzXC9JTUctMjAyMjAzMTgtV0EwMDEzLTEuanBnIiwic2xpZGVzaG93IjoiODBiNjBhYiJ9\" href='https:\/\/bystron.com.pl\/wp-content\/uploads\/2022\/03\/IMG-20220318-WA0013-1.jpg'><img loading=\"lazy\" decoding=\"async\" width=\"768\" height=\"326\" src=\"https:\/\/bystron.com.pl\/wp-content\/uploads\/2022\/03\/IMG-20220318-WA0013-1-768x326.jpg\" class=\"attachment-medium_large size-medium_large\" alt=\"Bystron Flota\" srcset=\"https:\/\/bystron.com.pl\/wp-content\/uploads\/2022\/03\/IMG-20220318-WA0013-1-768x326.jpg 768w, https:\/\/bystron.com.pl\/wp-content\/uploads\/2022\/03\/IMG-20220318-WA0013-1-300x127.jpg 300w, https:\/\/bystron.com.pl\/wp-content\/uploads\/2022\/03\/IMG-20220318-WA0013-1-1024x435.jpg 1024w, https:\/\/bystron.com.pl\/wp-content\/uploads\/2022\/03\/IMG-20220318-WA0013-1-1536x653.jpg 1536w, https:\/\/bystron.com.pl\/wp-content\/uploads\/2022\/03\/IMG-20220318-WA0013-1.jpg 2010w\" sizes=\"auto, (max-width: 768px) 100vw, 768px\" \/><\/a>\n\t\t\t<\/dt><\/dl><dl class='gallery-item'>\n\t\t\t<dt class='gallery-icon landscape'>\n\t\t\t\t<a data-elementor-open-lightbox=\"yes\" data-elementor-lightbox-slideshow=\"80b60ab\" data-elementor-lightbox-title=\"Ci\u0119\u017car\u00f3wka Bystro\u0144\" e-action-hash=\"#elementor-action%3Aaction%3Dlightbox%26settings%3DeyJpZCI6NDUsInVybCI6Imh0dHBzOlwvXC9ieXN0cm9uLmNvbS5wbFwvd3AtY29udGVudFwvdXBsb2Fkc1wvMjAyMlwvMDNcLzE0NDEzMTQ5MV8xMDQxOTgyOTUwMjE4MTZfMTE4OTg2MTgyNzcyNDI4MTQzNV9uLmpwZyIsInNsaWRlc2hvdyI6IjgwYjYwYWIifQ%3D%3D\" href='https:\/\/bystron.com.pl\/wp-content\/uploads\/2022\/03\/144131491_104198295021816_1189861827724281435_n.jpg'><img loading=\"lazy\" decoding=\"async\" width=\"768\" height=\"766\" src=\"https:\/\/bystron.com.pl\/wp-content\/uploads\/2022\/03\/144131491_104198295021816_1189861827724281435_n-768x766.jpg\" class=\"attachment-medium_large size-medium_large\" alt=\"ci\u0119\u017car\u00f3wka, bystron, naczepa, transport\" srcset=\"https:\/\/bystron.com.pl\/wp-content\/uploads\/2022\/03\/144131491_104198295021816_1189861827724281435_n-768x766.jpg 768w, https:\/\/bystron.com.pl\/wp-content\/uploads\/2022\/03\/144131491_104198295021816_1189861827724281435_n-300x300.jpg 300w, https:\/\/bystron.com.pl\/wp-content\/uploads\/2022\/03\/144131491_104198295021816_1189861827724281435_n-1024x1021.jpg 1024w, https:\/\/bystron.com.pl\/wp-content\/uploads\/2022\/03\/144131491_104198295021816_1189861827724281435_n-150x150.jpg 150w, https:\/\/bystron.com.pl\/wp-content\/uploads\/2022\/03\/144131491_104198295021816_1189861827724281435_n.jpg 1440w\" sizes=\"auto, (max-width: 768px) 100vw, 768px\" \/><\/a>\n\t\t\t<\/dt><\/dl><dl class='gallery-item'>\n\t\t\t<dt class='gallery-icon landscape'>\n\t\t\t\t<a data-elementor-open-lightbox=\"yes\" data-elementor-lightbox-slideshow=\"80b60ab\" data-elementor-lightbox-title=\"Ci\u0119\u017car\u00f3wka Bystro\u0144\" e-action-hash=\"#elementor-action%3Aaction%3Dlightbox%26settings%3DeyJpZCI6NDQsInVybCI6Imh0dHBzOlwvXC9ieXN0cm9uLmNvbS5wbFwvd3AtY29udGVudFwvdXBsb2Fkc1wvMjAyMlwvMDNcLzE0MjkzMjM1OV8xMDQyMTQ1MjE2ODY4NjBfNDkyOTQwNjg5NDY0NjgyMTE5Ml9uLmpwZyIsInNsaWRlc2hvdyI6IjgwYjYwYWIifQ%3D%3D\" href='https:\/\/bystron.com.pl\/wp-content\/uploads\/2022\/03\/142932359_104214521686860_4929406894646821192_n.jpg'><img loading=\"lazy\" decoding=\"async\" width=\"768\" height=\"434\" src=\"https:\/\/bystron.com.pl\/wp-content\/uploads\/2022\/03\/142932359_104214521686860_4929406894646821192_n-768x434.jpg\" class=\"attachment-medium_large size-medium_large\" alt=\"ci\u0119\u017car\u00f3wka, naczepa, pojazd\" srcset=\"https:\/\/bystron.com.pl\/wp-content\/uploads\/2022\/03\/142932359_104214521686860_4929406894646821192_n-768x434.jpg 768w, https:\/\/bystron.com.pl\/wp-content\/uploads\/2022\/03\/142932359_104214521686860_4929406894646821192_n-300x170.jpg 300w, https:\/\/bystron.com.pl\/wp-content\/uploads\/2022\/03\/142932359_104214521686860_4929406894646821192_n-1024x579.jpg 1024w, https:\/\/bystron.com.pl\/wp-content\/uploads\/2022\/03\/142932359_104214521686860_4929406894646821192_n.jpg 1440w\" sizes=\"auto, (max-width: 768px) 100vw, 768px\" \/><\/a>\n\t\t\t<\/dt><\/dl><br style=\"clear: both\" \/><dl class='gallery-item'>\n\t\t\t<dt class='gallery-icon landscape'>\n\t\t\t\t<a data-elementor-open-lightbox=\"yes\" data-elementor-lightbox-slideshow=\"80b60ab\" data-elementor-lightbox-title=\"Bystro\u0144 Transport\" e-action-hash=\"#elementor-action%3Aaction%3Dlightbox%26settings%3DeyJpZCI6MzcyLCJ1cmwiOiJodHRwczpcL1wvYnlzdHJvbi5jb20ucGxcL3dwLWNvbnRlbnRcL3VwbG9hZHNcLzIwMjJcLzA0XC8yNzg3NjU5MzdfNTE4NTg4NzQzMjA5MDg0XzQ4MzY4MTA1MzY2MjM5Mjc0OTJfbjEuanBnIiwic2xpZGVzaG93IjoiODBiNjBhYiJ9\" href='https:\/\/bystron.com.pl\/wp-content\/uploads\/2022\/04\/278765937_518588743209084_4836810536623927492_n1.jpg'><img loading=\"lazy\" decoding=\"async\" width=\"768\" height=\"577\" src=\"https:\/\/bystron.com.pl\/wp-content\/uploads\/2022\/04\/278765937_518588743209084_4836810536623927492_n1-768x577.jpg\" class=\"attachment-medium_large size-medium_large\" alt=\"\" srcset=\"https:\/\/bystron.com.pl\/wp-content\/uploads\/2022\/04\/278765937_518588743209084_4836810536623927492_n1-768x577.jpg 768w, https:\/\/bystron.com.pl\/wp-content\/uploads\/2022\/04\/278765937_518588743209084_4836810536623927492_n1-300x225.jpg 300w, https:\/\/bystron.com.pl\/wp-content\/uploads\/2022\/04\/278765937_518588743209084_4836810536623927492_n1.jpg 796w\" sizes=\"auto, (max-width: 768px) 100vw, 768px\" \/><\/a>\n\t\t\t<\/dt><\/dl><dl class='gallery-item'>\n\t\t\t<dt class='gallery-icon landscape'>\n\t\t\t\t<a data-elementor-open-lightbox=\"yes\" data-elementor-lightbox-slideshow=\"80b60ab\" data-elementor-lightbox-title=\"Bystro\u0144 Transport\" e-action-hash=\"#elementor-action%3Aaction%3Dlightbox%26settings%3DeyJpZCI6MzcxLCJ1cmwiOiJodHRwczpcL1wvYnlzdHJvbi5jb20ucGxcL3dwLWNvbnRlbnRcL3VwbG9hZHNcLzIwMjJcLzA0XC8yNzg3NjM2NDVfMjUwMjcwODUzNjUzMTE4OF8zMzg4Mjk1OTc5NDI1ODkyMTkyX24xLmpwZyIsInNsaWRlc2hvdyI6IjgwYjYwYWIifQ%3D%3D\" href='https:\/\/bystron.com.pl\/wp-content\/uploads\/2022\/04\/278763645_2502708536531188_3388295979425892192_n1.jpg'><img loading=\"lazy\" decoding=\"async\" width=\"768\" height=\"577\" src=\"https:\/\/bystron.com.pl\/wp-content\/uploads\/2022\/04\/278763645_2502708536531188_3388295979425892192_n1-768x577.jpg\" class=\"attachment-medium_large size-medium_large\" alt=\"\" srcset=\"https:\/\/bystron.com.pl\/wp-content\/uploads\/2022\/04\/278763645_2502708536531188_3388295979425892192_n1-768x577.jpg 768w, https:\/\/bystron.com.pl\/wp-content\/uploads\/2022\/04\/278763645_2502708536531188_3388295979425892192_n1-300x225.jpg 300w, https:\/\/bystron.com.pl\/wp-content\/uploads\/2022\/04\/278763645_2502708536531188_3388295979425892192_n1-1024x769.jpg 1024w, https:\/\/bystron.com.pl\/wp-content\/uploads\/2022\/04\/278763645_2502708536531188_3388295979425892192_n1.jpg 1369w\" sizes=\"auto, (max-width: 768px) 100vw, 768px\" \/><\/a>\n\t\t\t<\/dt><\/dl><dl class='gallery-item'>\n\t\t\t<dt class='gallery-icon landscape'>\n\t\t\t\t<a data-elementor-open-lightbox=\"yes\" data-elementor-lightbox-slideshow=\"80b60ab\" data-elementor-lightbox-title=\"Bystro\u0144 Transport [1]\" e-action-hash=\"#elementor-action%3Aaction%3Dlightbox%26settings%3DeyJpZCI6MzcwLCJ1cmwiOiJodHRwczpcL1wvYnlzdHJvbi5jb20ucGxcL3dwLWNvbnRlbnRcL3VwbG9hZHNcLzIwMjJcLzA0XC8yNzg3NTY4NDRfNDQ5NTE4MjUzNjQxNjk2XzU2ODYwMDU4MjU3ODEyMDU3MTBfbjEuanBnIiwic2xpZGVzaG93IjoiODBiNjBhYiJ9\" href='https:\/\/bystron.com.pl\/wp-content\/uploads\/2022\/04\/278756844_449518253641696_5686005825781205710_n1.jpg'><img loading=\"lazy\" decoding=\"async\" width=\"768\" height=\"576\" src=\"https:\/\/bystron.com.pl\/wp-content\/uploads\/2022\/04\/278756844_449518253641696_5686005825781205710_n1-768x576.jpg\" class=\"attachment-medium_large size-medium_large\" alt=\"\" srcset=\"https:\/\/bystron.com.pl\/wp-content\/uploads\/2022\/04\/278756844_449518253641696_5686005825781205710_n1-768x576.jpg 768w, https:\/\/bystron.com.pl\/wp-content\/uploads\/2022\/04\/278756844_449518253641696_5686005825781205710_n1-300x225.jpg 300w, https:\/\/bystron.com.pl\/wp-content\/uploads\/2022\/04\/278756844_449518253641696_5686005825781205710_n1-1024x768.jpg 1024w, https:\/\/bystron.com.pl\/wp-content\/uploads\/2022\/04\/278756844_449518253641696_5686005825781205710_n1-1536x1153.jpg 1536w, https:\/\/bystron.com.pl\/wp-content\/uploads\/2022\/04\/278756844_449518253641696_5686005825781205710_n1.jpg 2003w\" sizes=\"auto, (max-width: 768px) 100vw, 768px\" \/><\/a>\n\t\t\t<\/dt><\/dl><br style=\"clear: both\" \/><dl class='gallery-item'>\n\t\t\t<dt class='gallery-icon landscape'>\n\t\t\t\t<a data-elementor-open-lightbox=\"yes\" data-elementor-lightbox-slideshow=\"80b60ab\" data-elementor-lightbox-title=\"Bystro\u0144 Transport\" e-action-hash=\"#elementor-action%3Aaction%3Dlightbox%26settings%3DeyJpZCI6MzY4LCJ1cmwiOiJodHRwczpcL1wvYnlzdHJvbi5jb20ucGxcL3dwLWNvbnRlbnRcL3VwbG9hZHNcLzIwMjJcLzA0XC8yNzg3MTcxODBfMTAyOTExNzQ0Nzk2ODA2OV84ODgyNjU1MDA2OTY1NzM4NzlfbjEuanBnIiwic2xpZGVzaG93IjoiODBiNjBhYiJ9\" href='https:\/\/bystron.com.pl\/wp-content\/uploads\/2022\/04\/278717180_1029117447968069_888265500696573879_n1.jpg'><img loading=\"lazy\" decoding=\"async\" width=\"768\" height=\"577\" src=\"https:\/\/bystron.com.pl\/wp-content\/uploads\/2022\/04\/278717180_1029117447968069_888265500696573879_n1-768x577.jpg\" class=\"attachment-medium_large size-medium_large\" alt=\"\" srcset=\"https:\/\/bystron.com.pl\/wp-content\/uploads\/2022\/04\/278717180_1029117447968069_888265500696573879_n1-768x577.jpg 768w, https:\/\/bystron.com.pl\/wp-content\/uploads\/2022\/04\/278717180_1029117447968069_888265500696573879_n1-300x225.jpg 300w, https:\/\/bystron.com.pl\/wp-content\/uploads\/2022\/04\/278717180_1029117447968069_888265500696573879_n1.jpg 827w\" sizes=\"auto, (max-width: 768px) 100vw, 768px\" \/><\/a>\n\t\t\t<\/dt><\/dl><dl class='gallery-item'>\n\t\t\t<dt class='gallery-icon landscape'>\n\t\t\t\t<a data-elementor-open-lightbox=\"yes\" data-elementor-lightbox-slideshow=\"80b60ab\" data-elementor-lightbox-title=\"Bystro\u0144 Transport\" e-action-hash=\"#elementor-action%3Aaction%3Dlightbox%26settings%3DeyJpZCI6MzY3LCJ1cmwiOiJodHRwczpcL1wvYnlzdHJvbi5jb20ucGxcL3dwLWNvbnRlbnRcL3VwbG9hZHNcLzIwMjJcLzA0XC8yNzg2NzM5NTVfMTAyNzI3NTIyMTI0MTExNF8zODU0Njc4Mzc2MTMyOTYyNzNfbjEuanBnIiwic2xpZGVzaG93IjoiODBiNjBhYiJ9\" href='https:\/\/bystron.com.pl\/wp-content\/uploads\/2022\/04\/278673955_1027275221241114_385467837613296273_n1.jpg'><img loading=\"lazy\" decoding=\"async\" width=\"768\" height=\"577\" src=\"https:\/\/bystron.com.pl\/wp-content\/uploads\/2022\/04\/278673955_1027275221241114_385467837613296273_n1-768x577.jpg\" class=\"attachment-medium_large size-medium_large\" alt=\"\" srcset=\"https:\/\/bystron.com.pl\/wp-content\/uploads\/2022\/04\/278673955_1027275221241114_385467837613296273_n1-768x577.jpg 768w, https:\/\/bystron.com.pl\/wp-content\/uploads\/2022\/04\/278673955_1027275221241114_385467837613296273_n1-300x225.jpg 300w, https:\/\/bystron.com.pl\/wp-content\/uploads\/2022\/04\/278673955_1027275221241114_385467837613296273_n1-1024x769.jpg 1024w, https:\/\/bystron.com.pl\/wp-content\/uploads\/2022\/04\/278673955_1027275221241114_385467837613296273_n1.jpg 1193w\" sizes=\"auto, (max-width: 768px) 100vw, 768px\" \/><\/a>\n\t\t\t<\/dt><\/dl><dl class='gallery-item'>\n\t\t\t<dt class='gallery-icon landscape'>\n\t\t\t\t<a data-elementor-open-lightbox=\"yes\" data-elementor-lightbox-slideshow=\"80b60ab\" data-elementor-lightbox-title=\"Bystro\u0144 Transport [1]\" e-action-hash=\"#elementor-action%3Aaction%3Dlightbox%26settings%3DeyJpZCI6MzY2LCJ1cmwiOiJodHRwczpcL1wvYnlzdHJvbi5jb20ucGxcL3dwLWNvbnRlbnRcL3VwbG9hZHNcLzIwMjJcLzA0XC8yNzg2MjE3MTNfNDU5MTc4MzY1OTc5NDQxXzgyNDc5NzYxNDI1MTQ4MDg5NTlfbjEuanBnIiwic2xpZGVzaG93IjoiODBiNjBhYiJ9\" href='https:\/\/bystron.com.pl\/wp-content\/uploads\/2022\/04\/278621713_459178365979441_8247976142514808959_n1.jpg'><img loading=\"lazy\" decoding=\"async\" width=\"768\" height=\"577\" src=\"https:\/\/bystron.com.pl\/wp-content\/uploads\/2022\/04\/278621713_459178365979441_8247976142514808959_n1-768x577.jpg\" class=\"attachment-medium_large size-medium_large\" alt=\"\" srcset=\"https:\/\/bystron.com.pl\/wp-content\/uploads\/2022\/04\/278621713_459178365979441_8247976142514808959_n1-768x577.jpg 768w, https:\/\/bystron.com.pl\/wp-content\/uploads\/2022\/04\/278621713_459178365979441_8247976142514808959_n1-300x225.jpg 300w, https:\/\/bystron.com.pl\/wp-content\/uploads\/2022\/04\/278621713_459178365979441_8247976142514808959_n1-1024x769.jpg 1024w, https:\/\/bystron.com.pl\/wp-content\/uploads\/2022\/04\/278621713_459178365979441_8247976142514808959_n1.jpg 1481w\" sizes=\"auto, (max-width: 768px) 100vw, 768px\" \/><\/a>\n\t\t\t<\/dt><\/dl><br style=\"clear: both\" \/><dl class='gallery-item'>\n\t\t\t<dt class='gallery-icon landscape'>\n\t\t\t\t<a data-elementor-open-lightbox=\"yes\" data-elementor-lightbox-slideshow=\"80b60ab\" data-elementor-lightbox-title=\"Bystro\u0144 Transport\" e-action-hash=\"#elementor-action%3Aaction%3Dlightbox%26settings%3DeyJpZCI6MzY1LCJ1cmwiOiJodHRwczpcL1wvYnlzdHJvbi5jb20ucGxcL3dwLWNvbnRlbnRcL3VwbG9hZHNcLzIwMjJcLzA0XC8yNzg1ODE4ODVfNDkzODM2OTQyMTcyMDQ5XzU1MzE4MjI2OTY5MTA3MTc0NzJfbjExLmpwZyIsInNsaWRlc2hvdyI6IjgwYjYwYWIifQ%3D%3D\" href='https:\/\/bystron.com.pl\/wp-content\/uploads\/2022\/04\/278581885_493836942172049_5531822696910717472_n11.jpg'><img loading=\"lazy\" decoding=\"async\" width=\"768\" height=\"577\" src=\"https:\/\/bystron.com.pl\/wp-content\/uploads\/2022\/04\/278581885_493836942172049_5531822696910717472_n11-768x577.jpg\" class=\"attachment-medium_large size-medium_large\" alt=\"\" srcset=\"https:\/\/bystron.com.pl\/wp-content\/uploads\/2022\/04\/278581885_493836942172049_5531822696910717472_n11-768x577.jpg 768w, https:\/\/bystron.com.pl\/wp-content\/uploads\/2022\/04\/278581885_493836942172049_5531822696910717472_n11-300x225.jpg 300w, https:\/\/bystron.com.pl\/wp-content\/uploads\/2022\/04\/278581885_493836942172049_5531822696910717472_n11.jpg 918w\" sizes=\"auto, (max-width: 768px) 100vw, 768px\" \/><\/a>\n\t\t\t<\/dt><\/dl><dl class='gallery-item'>\n\t\t\t<dt class='gallery-icon portrait'>\n\t\t\t\t<a data-elementor-open-lightbox=\"yes\" data-elementor-lightbox-slideshow=\"80b60ab\" data-elementor-lightbox-title=\"Bystro\u0144 Transport [1]\" e-action-hash=\"#elementor-action%3Aaction%3Dlightbox%26settings%3DeyJpZCI6MzY5LCJ1cmwiOiJodHRwczpcL1wvYnlzdHJvbi5jb20ucGxcL3dwLWNvbnRlbnRcL3VwbG9hZHNcLzIwMjJcLzA0XC8yNzg3MjU5MTdfNzQ1MDUzNjA5ODQ2Mzk0XzQ2NTUxNTMxOTc3MDU4NDQzMjdfbjEuanBnIiwic2xpZGVzaG93IjoiODBiNjBhYiJ9\" href='https:\/\/bystron.com.pl\/wp-content\/uploads\/2022\/04\/278725917_745053609846394_4655153197705844327_n1.jpg'><img loading=\"lazy\" decoding=\"async\" width=\"768\" height=\"1152\" src=\"https:\/\/bystron.com.pl\/wp-content\/uploads\/2022\/04\/278725917_745053609846394_4655153197705844327_n1-768x1152.jpg\" class=\"attachment-medium_large size-medium_large\" alt=\"\" srcset=\"https:\/\/bystron.com.pl\/wp-content\/uploads\/2022\/04\/278725917_745053609846394_4655153197705844327_n1-768x1152.jpg 768w, https:\/\/bystron.com.pl\/wp-content\/uploads\/2022\/04\/278725917_745053609846394_4655153197705844327_n1-200x300.jpg 200w, https:\/\/bystron.com.pl\/wp-content\/uploads\/2022\/04\/278725917_745053609846394_4655153197705844327_n1-682x1024.jpg 682w, https:\/\/bystron.com.pl\/wp-content\/uploads\/2022\/04\/278725917_745053609846394_4655153197705844327_n1.jpg 899w\" sizes=\"auto, (max-width: 768px) 100vw, 768px\" \/><\/a>\n\t\t\t<\/dt><\/dl>\n\t\t\t<br style='clear: both' \/>\n\t\t<\/div>\n\t\t<\/div>\n\t\t\t\t<\/div>\n\t\t\t\t<\/div>\n\t\t\t\t\t<\/div>\n\t\t<\/div>\n\t\t\t\t\t\t\t<\/div>\n\t\t<\/section>\n\t\t\t\t\t\t<\/div>\n\t\t\t\t\t<\/div>\n\t\t","protected":false},"excerpt":{"rendered":"","protected":false},"author":1,"featured_media":0,"parent":0,"menu_order":0,"comment_status":"closed","ping_status":"closed","template":"page-templates\/template-pagebuilder-full-width.php","meta":{"neve_meta_sidebar":"","neve_meta_container":"","neve_meta_enable_content_width":"","neve_meta_content_width":0,"neve_meta_title_alignment":"","neve_meta_author_avatar":"","neve_post_elements_order":"","neve_meta_disable_header":"","neve_meta_disable_footer":"","neve_meta_disable_title":"","footnotes":""},"class_list":["post-222","page","type-page","status-publish","hentry"],"yoast_head":"<!-- This site is optimized with the Yoast SEO plugin v18.3 - https:\/\/yoast.com\/wordpress\/plugins\/seo\/ -->\n<title>TABOR - ZPU Tomasz Bystro\u0144<\/title>\n<meta name=\"robots\" content=\"index, follow, max-snippet:-1, max-image-preview:large, max-video-preview:-1\" \/>\n<link rel=\"canonical\" href=\"https:\/\/bystron.com.pl\/index.php\/tabor\/\" \/>\n<meta property=\"og:locale\" content=\"pl_PL\" \/>\n<meta property=\"og:type\" content=\"article\" \/>\n<meta property=\"og:title\" content=\"TABOR - ZPU Tomasz Bystro\u0144\" \/>\n<meta property=\"og:url\" content=\"https:\/\/bystron.com.pl\/index.php\/tabor\/\" \/>\n<meta property=\"og:site_name\" content=\"ZPU Tomasz Bystro\u0144\" \/>\n<meta property=\"article:modified_time\" content=\"2022-04-22T08:10:57+00:00\" \/>\n<meta property=\"og:image\" content=\"https:\/\/bystron.com.pl\/wp-content\/uploads\/2022\/03\/IMG-20220318-WA0013-1-768x326.jpg\" \/>\n<meta name=\"twitter:card\" content=\"summary_large_image\" \/>\n<meta name=\"twitter:label1\" content=\"Szacowany czas czytania\" \/>\n\t<meta name=\"twitter:data1\" content=\"3 minuty\" \/>\n<script type=\"application\/ld+json\" class=\"yoast-schema-graph\">{\"@context\":\"https:\/\/schema.org\",\"@graph\":[{\"@type\":\"WebSite\",\"@id\":\"https:\/\/bystron.com.pl\/#website\",\"url\":\"https:\/\/bystron.com.pl\/\",\"name\":\"ZPU Tomasz Bystro\u0144\",\"description\":\"Transport oraz produkcja pawilon\u00f3w handlowych\",\"potentialAction\":[{\"@type\":\"SearchAction\",\"target\":{\"@type\":\"EntryPoint\",\"urlTemplate\":\"https:\/\/bystron.com.pl\/?s={search_term_string}\"},\"query-input\":\"required name=search_term_string\"}],\"inLanguage\":\"pl-PL\"},{\"@type\":\"ImageObject\",\"@id\":\"https:\/\/bystron.com.pl\/index.php\/tabor\/#primaryimage\",\"inLanguage\":\"pl-PL\",\"url\":\"https:\/\/bystron.com.pl\/wp-content\/uploads\/2022\/03\/IMG-20220318-WA0013-1.jpg\",\"contentUrl\":\"https:\/\/bystron.com.pl\/wp-content\/uploads\/2022\/03\/IMG-20220318-WA0013-1.jpg\",\"width\":2010,\"height\":854,\"caption\":\"Bystron Flota\"},{\"@type\":\"WebPage\",\"@id\":\"https:\/\/bystron.com.pl\/index.php\/tabor\/#webpage\",\"url\":\"https:\/\/bystron.com.pl\/index.php\/tabor\/\",\"name\":\"TABOR - ZPU Tomasz Bystro\u0144\",\"isPartOf\":{\"@id\":\"https:\/\/bystron.com.pl\/#website\"},\"primaryImageOfPage\":{\"@id\":\"https:\/\/bystron.com.pl\/index.php\/tabor\/#primaryimage\"},\"datePublished\":\"2022-03-18T10:08:05+00:00\",\"dateModified\":\"2022-04-22T08:10:57+00:00\",\"breadcrumb\":{\"@id\":\"https:\/\/bystron.com.pl\/index.php\/tabor\/#breadcrumb\"},\"inLanguage\":\"pl-PL\",\"potentialAction\":[{\"@type\":\"ReadAction\",\"target\":[\"https:\/\/bystron.com.pl\/index.php\/tabor\/\"]}]},{\"@type\":\"BreadcrumbList\",\"@id\":\"https:\/\/bystron.com.pl\/index.php\/tabor\/#breadcrumb\",\"itemListElement\":[{\"@type\":\"ListItem\",\"position\":1,\"name\":\"Strona g\u0142\u00f3wna\",\"item\":\"https:\/\/bystron.com.pl\/\"},{\"@type\":\"ListItem\",\"position\":2,\"name\":\"TABOR\"}]}]}<\/script>\n<!-- \/ Yoast SEO plugin. -->","yoast_head_json":{"title":"TABOR - ZPU Tomasz Bystro\u0144","robots":{"index":"index","follow":"follow","max-snippet":"max-snippet:-1","max-image-preview":"max-image-preview:large","max-video-preview":"max-video-preview:-1"},"canonical":"https:\/\/bystron.com.pl\/index.php\/tabor\/","og_locale":"pl_PL","og_type":"article","og_title":"TABOR - ZPU Tomasz Bystro\u0144","og_url":"https:\/\/bystron.com.pl\/index.php\/tabor\/","og_site_name":"ZPU Tomasz Bystro\u0144","article_modified_time":"2022-04-22T08:10:57+00:00","og_image":[{"url":"https:\/\/bystron.com.pl\/wp-content\/uploads\/2022\/03\/IMG-20220318-WA0013-1-768x326.jpg"}],"twitter_card":"summary_large_image","twitter_misc":{"Szacowany czas czytania":"3 minuty"},"schema":{"@context":"https:\/\/schema.org","@graph":[{"@type":"WebSite","@id":"https:\/\/bystron.com.pl\/#website","url":"https:\/\/bystron.com.pl\/","name":"ZPU Tomasz Bystro\u0144","description":"Transport oraz produkcja pawilon\u00f3w handlowych","potentialAction":[{"@type":"SearchAction","target":{"@type":"EntryPoint","urlTemplate":"https:\/\/bystron.com.pl\/?s={search_term_string}"},"query-input":"required name=search_term_string"}],"inLanguage":"pl-PL"},{"@type":"ImageObject","@id":"https:\/\/bystron.com.pl\/index.php\/tabor\/#primaryimage","inLanguage":"pl-PL","url":"https:\/\/bystron.com.pl\/wp-content\/uploads\/2022\/03\/IMG-20220318-WA0013-1.jpg","contentUrl":"https:\/\/bystron.com.pl\/wp-content\/uploads\/2022\/03\/IMG-20220318-WA0013-1.jpg","width":2010,"height":854,"caption":"Bystron Flota"},{"@type":"WebPage","@id":"https:\/\/bystron.com.pl\/index.php\/tabor\/#webpage","url":"https:\/\/bystron.com.pl\/index.php\/tabor\/","name":"TABOR - ZPU Tomasz Bystro\u0144","isPartOf":{"@id":"https:\/\/bystron.com.pl\/#website"},"primaryImageOfPage":{"@id":"https:\/\/bystron.com.pl\/index.php\/tabor\/#primaryimage"},"datePublished":"2022-03-18T10:08:05+00:00","dateModified":"2022-04-22T08:10:57+00:00","breadcrumb":{"@id":"https:\/\/bystron.com.pl\/index.php\/tabor\/#breadcrumb"},"inLanguage":"pl-PL","potentialAction":[{"@type":"ReadAction","target":["https:\/\/bystron.com.pl\/index.php\/tabor\/"]}]},{"@type":"BreadcrumbList","@id":"https:\/\/bystron.com.pl\/index.php\/tabor\/#breadcrumb","itemListElement":[{"@type":"ListItem","position":1,"name":"Strona g\u0142\u00f3wna","item":"https:\/\/bystron.com.pl\/"},{"@type":"ListItem","position":2,"name":"TABOR"}]}]}},"_links":{"self":[{"href":"https:\/\/bystron.com.pl\/index.php\/wp-json\/wp\/v2\/pages\/222","targetHints":{"allow":["GET"]}}],"collection":[{"href":"https:\/\/bystron.com.pl\/index.php\/wp-json\/wp\/v2\/pages"}],"about":[{"href":"https:\/\/bystron.com.pl\/index.php\/wp-json\/wp\/v2\/types\/page"}],"author":[{"embeddable":true,"href":"https:\/\/bystron.com.pl\/index.php\/wp-json\/wp\/v2\/users\/1"}],"replies":[{"embeddable":true,"href":"https:\/\/bystron.com.pl\/index.php\/wp-json\/wp\/v2\/comments?post=222"}],"version-history":[{"count":12,"href":"https:\/\/bystron.com.pl\/index.php\/wp-json\/wp\/v2\/pages\/222\/revisions"}],"predecessor-version":[{"id":383,"href":"https:\/\/bystron.com.pl\/index.php\/wp-json\/wp\/v2\/pages\/222\/revisions\/383"}],"wp:attachment":[{"href":"https:\/\/bystron.com.pl\/index.php\/wp-json\/wp\/v2\/media?parent=222"}],"curies":[{"name":"wp","href":"https:\/\/api.w.org\/{rel}","templated":true}]}}