{"id":23,"date":"2022-03-14T12:19:07","date_gmt":"2022-03-14T11:19:07","guid":{"rendered":"https:\/\/bystron.com.pl\/?page_id=23"},"modified":"2022-03-21T11:42:05","modified_gmt":"2022-03-21T10:42:05","slug":"galeria","status":"publish","type":"page","link":"https:\/\/bystron.com.pl\/index.php\/galeria\/","title":{"rendered":"Galeria"},"content":{"rendered":"\t\t<div data-elementor-type=\"wp-page\" data-elementor-id=\"23\" class=\"elementor elementor-23\" data-elementor-settings=\"[]\">\n\t\t\t\t\t\t\t<div class=\"elementor-section-wrap\">\n\t\t\t\t\t\t\t<section class=\"elementor-section elementor-top-section elementor-element elementor-element-7c7ac7d elementor-section-boxed elementor-section-height-default elementor-section-height-default\" data-id=\"7c7ac7d\" data-element_type=\"section\">\n\t\t\t\t\t\t<div class=\"elementor-container elementor-column-gap-default\">\n\t\t\t\t\t<div class=\"elementor-column elementor-col-100 elementor-top-column elementor-element elementor-element-36d7b7a\" data-id=\"36d7b7a\" data-element_type=\"column\">\n\t\t\t<div class=\"elementor-widget-wrap elementor-element-populated\">\n\t\t\t\t\t\t\t\t<div class=\"elementor-element elementor-element-23f75f8 elementor-widget elementor-widget-spacer\" data-id=\"23f75f8\" data-element_type=\"widget\" data-widget_type=\"spacer.default\">\n\t\t\t\t<div class=\"elementor-widget-container\">\n\t\t\t\t\t<div class=\"elementor-spacer\">\n\t\t\t<div class=\"elementor-spacer-inner\"><\/div>\n\t\t<\/div>\n\t\t\t\t<\/div>\n\t\t\t\t<\/div>\n\t\t\t\t\t<\/div>\n\t\t<\/div>\n\t\t\t\t\t\t\t<\/div>\n\t\t<\/section>\n\t\t\t\t<section class=\"elementor-section elementor-top-section elementor-element elementor-element-e0a19ea elementor-section-boxed elementor-section-height-default elementor-section-height-default elementor-invisible\" data-id=\"e0a19ea\" data-element_type=\"section\" data-settings=\"{&quot;animation&quot;:&quot;fadeIn&quot;}\">\n\t\t\t\t\t\t<div class=\"elementor-container elementor-column-gap-default\">\n\t\t\t\t\t<div class=\"elementor-column elementor-col-50 elementor-top-column elementor-element elementor-element-766dc9a\" data-id=\"766dc9a\" data-element_type=\"column\">\n\t\t\t<div class=\"elementor-widget-wrap elementor-element-populated\">\n\t\t\t\t\t\t\t\t<div class=\"elementor-element elementor-element-9da314d elementor-widget elementor-widget-image\" data-id=\"9da314d\" data-element_type=\"widget\" data-widget_type=\"image.default\">\n\t\t\t\t<div class=\"elementor-widget-container\">\n\t\t\t<style>\/*! elementor - v3.5.6 - 28-02-2022 *\/\n.elementor-widget-image{text-align:center}.elementor-widget-image a{display:inline-block}.elementor-widget-image a img[src$=\".svg\"]{width:48px}.elementor-widget-image img{vertical-align:middle;display:inline-block}<\/style>\t\t\t\t\t\t\t\t\t<figure class=\"wp-caption\">\n\t\t\t\t\t\t\t\t\t\t\t<a href=\"https:\/\/bystron.com.pl\/index.php\/domki-pawilony-handlowe\/\">\n\t\t\t\t\t\t\t<img loading=\"lazy\" decoding=\"async\" width=\"300\" height=\"300\" src=\"https:\/\/bystron.com.pl\/wp-content\/uploads\/2022\/03\/IMG_20191207_233826-2-1-300x300.jpg\" class=\"attachment-medium size-medium\" alt=\"\" srcset=\"https:\/\/bystron.com.pl\/wp-content\/uploads\/2022\/03\/IMG_20191207_233826-2-1-300x300.jpg 300w, https:\/\/bystron.com.pl\/wp-content\/uploads\/2022\/03\/IMG_20191207_233826-2-1-1021x1024.jpg 1021w, https:\/\/bystron.com.pl\/wp-content\/uploads\/2022\/03\/IMG_20191207_233826-2-1-150x150.jpg 150w, https:\/\/bystron.com.pl\/wp-content\/uploads\/2022\/03\/IMG_20191207_233826-2-1-768x770.jpg 768w, https:\/\/bystron.com.pl\/wp-content\/uploads\/2022\/03\/IMG_20191207_233826-2-1-1532x1536.jpg 1532w, https:\/\/bystron.com.pl\/wp-content\/uploads\/2022\/03\/IMG_20191207_233826-2-1-2043x2048.jpg 2043w\" sizes=\"auto, (max-width: 300px) 100vw, 300px\" \/>\t\t\t\t\t\t\t\t<\/a>\n\t\t\t\t\t\t\t\t\t\t\t<figcaption class=\"widget-image-caption wp-caption-text\">DOMKI, PAWILONY<\/figcaption>\n\t\t\t\t\t\t\t\t\t\t<\/figure>\n\t\t\t\t\t\t\t\t\t<\/div>\n\t\t\t\t<\/div>\n\t\t\t\t\t<\/div>\n\t\t<\/div>\n\t\t\t\t<div class=\"elementor-column elementor-col-50 elementor-top-column elementor-element elementor-element-3163af4\" data-id=\"3163af4\" data-element_type=\"column\">\n\t\t\t<div class=\"elementor-widget-wrap elementor-element-populated\">\n\t\t\t\t\t\t\t\t<div class=\"elementor-element elementor-element-3cb605b elementor-widget elementor-widget-image\" data-id=\"3cb605b\" data-element_type=\"widget\" data-widget_type=\"image.default\">\n\t\t\t\t<div class=\"elementor-widget-container\">\n\t\t\t\t\t\t\t\t\t\t\t\t<figure class=\"wp-caption\">\n\t\t\t\t\t\t\t\t\t\t\t<a href=\"https:\/\/bystron.com.pl\/index.php\/tabor\/\">\n\t\t\t\t\t\t\t<img loading=\"lazy\" decoding=\"async\" width=\"300\" height=\"300\" src=\"https:\/\/bystron.com.pl\/wp-content\/uploads\/2022\/03\/144131491_104198295021816_1189861827724281435_n-300x300.jpg\" class=\"attachment-medium size-medium\" alt=\"ci\u0119\u017car\u00f3wka, bystron, naczepa, transport\" srcset=\"https:\/\/bystron.com.pl\/wp-content\/uploads\/2022\/03\/144131491_104198295021816_1189861827724281435_n-300x300.jpg 300w, https:\/\/bystron.com.pl\/wp-content\/uploads\/2022\/03\/144131491_104198295021816_1189861827724281435_n-1024x1021.jpg 1024w, https:\/\/bystron.com.pl\/wp-content\/uploads\/2022\/03\/144131491_104198295021816_1189861827724281435_n-150x150.jpg 150w, https:\/\/bystron.com.pl\/wp-content\/uploads\/2022\/03\/144131491_104198295021816_1189861827724281435_n-768x766.jpg 768w, https:\/\/bystron.com.pl\/wp-content\/uploads\/2022\/03\/144131491_104198295021816_1189861827724281435_n.jpg 1440w\" sizes=\"auto, (max-width: 300px) 100vw, 300px\" \/>\t\t\t\t\t\t\t\t<\/a>\n\t\t\t\t\t\t\t\t\t\t\t<figcaption class=\"widget-image-caption wp-caption-text\">TABOR<\/figcaption>\n\t\t\t\t\t\t\t\t\t\t<\/figure>\n\t\t\t\t\t\t\t\t\t<\/div>\n\t\t\t\t<\/div>\n\t\t\t\t\t<\/div>\n\t\t<\/div>\n\t\t\t\t\t\t\t<\/div>\n\t\t<\/section>\n\t\t\t\t\t\t<\/div>\n\t\t\t\t\t<\/div>\n\t\t","protected":false},"excerpt":{"rendered":"<p>DOMKI, PAWILONY TABOR<\/p>\n","protected":false},"author":1,"featured_media":0,"parent":0,"menu_order":0,"comment_status":"closed","ping_status":"closed","template":"page-templates\/template-pagebuilder-full-width.php","meta":{"neve_meta_sidebar":"","neve_meta_container":"","neve_meta_enable_content_width":"","neve_meta_content_width":0,"neve_meta_title_alignment":"","neve_meta_author_avatar":"","neve_post_elements_order":"","neve_meta_disable_header":"","neve_meta_disable_footer":"","neve_meta_disable_title":"","footnotes":""},"class_list":["post-23","page","type-page","status-publish","hentry"],"yoast_head":"<!-- This site is optimized with the Yoast SEO plugin v18.3 - https:\/\/yoast.com\/wordpress\/plugins\/seo\/ -->\n<title>Galeria - ZPU Tomasz Bystro\u0144<\/title>\n<meta name=\"robots\" content=\"index, follow, max-snippet:-1, max-image-preview:large, max-video-preview:-1\" \/>\n<link rel=\"canonical\" href=\"https:\/\/bystron.com.pl\/index.php\/galeria\/\" \/>\n<meta property=\"og:locale\" content=\"pl_PL\" \/>\n<meta property=\"og:type\" content=\"article\" \/>\n<meta property=\"og:title\" content=\"Galeria - ZPU Tomasz Bystro\u0144\" \/>\n<meta property=\"og:description\" content=\"DOMKI, PAWILONY TABOR\" \/>\n<meta property=\"og:url\" content=\"https:\/\/bystron.com.pl\/index.php\/galeria\/\" \/>\n<meta property=\"og:site_name\" content=\"ZPU Tomasz Bystro\u0144\" \/>\n<meta property=\"article:modified_time\" content=\"2022-03-21T10:42:05+00:00\" \/>\n<meta property=\"og:image\" content=\"https:\/\/bystron.com.pl\/wp-content\/uploads\/2022\/03\/IMG_20191207_233826-2-1-300x300.jpg\" \/>\n<meta name=\"twitter:card\" content=\"summary_large_image\" \/>\n<meta name=\"twitter:label1\" content=\"Szacowany czas czytania\" \/>\n\t<meta name=\"twitter:data1\" content=\"1 minuta\" \/>\n<script type=\"application\/ld+json\" class=\"yoast-schema-graph\">{\"@context\":\"https:\/\/schema.org\",\"@graph\":[{\"@type\":\"WebSite\",\"@id\":\"https:\/\/bystron.com.pl\/#website\",\"url\":\"https:\/\/bystron.com.pl\/\",\"name\":\"ZPU Tomasz Bystro\u0144\",\"description\":\"Transport oraz produkcja pawilon\u00f3w handlowych\",\"potentialAction\":[{\"@type\":\"SearchAction\",\"target\":{\"@type\":\"EntryPoint\",\"urlTemplate\":\"https:\/\/bystron.com.pl\/?s={search_term_string}\"},\"query-input\":\"required name=search_term_string\"}],\"inLanguage\":\"pl-PL\"},{\"@type\":\"ImageObject\",\"@id\":\"https:\/\/bystron.com.pl\/index.php\/galeria\/#primaryimage\",\"inLanguage\":\"pl-PL\",\"url\":\"https:\/\/bystron.com.pl\/wp-content\/uploads\/2022\/03\/IMG_20191207_233826-2-1.jpg\",\"contentUrl\":\"https:\/\/bystron.com.pl\/wp-content\/uploads\/2022\/03\/IMG_20191207_233826-2-1.jpg\",\"width\":2253,\"height\":2259,\"caption\":\"Bystro\u0144\"},{\"@type\":\"WebPage\",\"@id\":\"https:\/\/bystron.com.pl\/index.php\/galeria\/#webpage\",\"url\":\"https:\/\/bystron.com.pl\/index.php\/galeria\/\",\"name\":\"Galeria - ZPU Tomasz Bystro\u0144\",\"isPartOf\":{\"@id\":\"https:\/\/bystron.com.pl\/#website\"},\"primaryImageOfPage\":{\"@id\":\"https:\/\/bystron.com.pl\/index.php\/galeria\/#primaryimage\"},\"datePublished\":\"2022-03-14T11:19:07+00:00\",\"dateModified\":\"2022-03-21T10:42:05+00:00\",\"breadcrumb\":{\"@id\":\"https:\/\/bystron.com.pl\/index.php\/galeria\/#breadcrumb\"},\"inLanguage\":\"pl-PL\",\"potentialAction\":[{\"@type\":\"ReadAction\",\"target\":[\"https:\/\/bystron.com.pl\/index.php\/galeria\/\"]}]},{\"@type\":\"BreadcrumbList\",\"@id\":\"https:\/\/bystron.com.pl\/index.php\/galeria\/#breadcrumb\",\"itemListElement\":[{\"@type\":\"ListItem\",\"position\":1,\"name\":\"Strona g\u0142\u00f3wna\",\"item\":\"https:\/\/bystron.com.pl\/\"},{\"@type\":\"ListItem\",\"position\":2,\"name\":\"Galeria\"}]}]}<\/script>\n<!-- \/ Yoast SEO plugin. -->","yoast_head_json":{"title":"Galeria - ZPU Tomasz Bystro\u0144","robots":{"index":"index","follow":"follow","max-snippet":"max-snippet:-1","max-image-preview":"max-image-preview:large","max-video-preview":"max-video-preview:-1"},"canonical":"https:\/\/bystron.com.pl\/index.php\/galeria\/","og_locale":"pl_PL","og_type":"article","og_title":"Galeria - ZPU Tomasz Bystro\u0144","og_description":"DOMKI, PAWILONY TABOR","og_url":"https:\/\/bystron.com.pl\/index.php\/galeria\/","og_site_name":"ZPU Tomasz Bystro\u0144","article_modified_time":"2022-03-21T10:42:05+00:00","og_image":[{"url":"https:\/\/bystron.com.pl\/wp-content\/uploads\/2022\/03\/IMG_20191207_233826-2-1-300x300.jpg"}],"twitter_card":"summary_large_image","twitter_misc":{"Szacowany czas czytania":"1 minuta"},"schema":{"@context":"https:\/\/schema.org","@graph":[{"@type":"WebSite","@id":"https:\/\/bystron.com.pl\/#website","url":"https:\/\/bystron.com.pl\/","name":"ZPU Tomasz Bystro\u0144","description":"Transport oraz produkcja pawilon\u00f3w handlowych","potentialAction":[{"@type":"SearchAction","target":{"@type":"EntryPoint","urlTemplate":"https:\/\/bystron.com.pl\/?s={search_term_string}"},"query-input":"required name=search_term_string"}],"inLanguage":"pl-PL"},{"@type":"ImageObject","@id":"https:\/\/bystron.com.pl\/index.php\/galeria\/#primaryimage","inLanguage":"pl-PL","url":"https:\/\/bystron.com.pl\/wp-content\/uploads\/2022\/03\/IMG_20191207_233826-2-1.jpg","contentUrl":"https:\/\/bystron.com.pl\/wp-content\/uploads\/2022\/03\/IMG_20191207_233826-2-1.jpg","width":2253,"height":2259,"caption":"Bystro\u0144"},{"@type":"WebPage","@id":"https:\/\/bystron.com.pl\/index.php\/galeria\/#webpage","url":"https:\/\/bystron.com.pl\/index.php\/galeria\/","name":"Galeria - ZPU Tomasz Bystro\u0144","isPartOf":{"@id":"https:\/\/bystron.com.pl\/#website"},"primaryImageOfPage":{"@id":"https:\/\/bystron.com.pl\/index.php\/galeria\/#primaryimage"},"datePublished":"2022-03-14T11:19:07+00:00","dateModified":"2022-03-21T10:42:05+00:00","breadcrumb":{"@id":"https:\/\/bystron.com.pl\/index.php\/galeria\/#breadcrumb"},"inLanguage":"pl-PL","potentialAction":[{"@type":"ReadAction","target":["https:\/\/bystron.com.pl\/index.php\/galeria\/"]}]},{"@type":"BreadcrumbList","@id":"https:\/\/bystron.com.pl\/index.php\/galeria\/#breadcrumb","itemListElement":[{"@type":"ListItem","position":1,"name":"Strona g\u0142\u00f3wna","item":"https:\/\/bystron.com.pl\/"},{"@type":"ListItem","position":2,"name":"Galeria"}]}]}},"_links":{"self":[{"href":"https:\/\/bystron.com.pl\/index.php\/wp-json\/wp\/v2\/pages\/23","targetHints":{"allow":["GET"]}}],"collection":[{"href":"https:\/\/bystron.com.pl\/index.php\/wp-json\/wp\/v2\/pages"}],"about":[{"href":"https:\/\/bystron.com.pl\/index.php\/wp-json\/wp\/v2\/types\/page"}],"author":[{"embeddable":true,"href":"https:\/\/bystron.com.pl\/index.php\/wp-json\/wp\/v2\/users\/1"}],"replies":[{"embeddable":true,"href":"https:\/\/bystron.com.pl\/index.php\/wp-json\/wp\/v2\/comments?post=23"}],"version-history":[{"count":53,"href":"https:\/\/bystron.com.pl\/index.php\/wp-json\/wp\/v2\/pages\/23\/revisions"}],"predecessor-version":[{"id":336,"href":"https:\/\/bystron.com.pl\/index.php\/wp-json\/wp\/v2\/pages\/23\/revisions\/336"}],"wp:attachment":[{"href":"https:\/\/bystron.com.pl\/index.php\/wp-json\/wp\/v2\/media?parent=23"}],"curies":[{"name":"wp","href":"https:\/\/api.w.org\/{rel}","templated":true}]}}