{"id":25,"date":"2022-03-14T12:19:07","date_gmt":"2022-03-14T11:19:07","guid":{"rendered":"https:\/\/bystron.com.pl\/?page_id=25"},"modified":"2022-03-21T11:39:31","modified_gmt":"2022-03-21T10:39:31","slug":"produkcja","status":"publish","type":"page","link":"https:\/\/bystron.com.pl\/index.php\/produkcja\/","title":{"rendered":"PRODUKCJA"},"content":{"rendered":"\t\t<div data-elementor-type=\"wp-page\" data-elementor-id=\"25\" class=\"elementor elementor-25\" data-elementor-settings=\"[]\">\n\t\t\t\t\t\t\t<div class=\"elementor-section-wrap\">\n\t\t\t\t\t\t\t<section class=\"elementor-section elementor-top-section elementor-element elementor-element-0be0a15 elementor-section-boxed elementor-section-height-default elementor-section-height-default\" data-id=\"0be0a15\" data-element_type=\"section\">\n\t\t\t\t\t\t<div class=\"elementor-container elementor-column-gap-default\">\n\t\t\t\t\t<div class=\"elementor-column elementor-col-100 elementor-top-column elementor-element elementor-element-11ce29b\" data-id=\"11ce29b\" data-element_type=\"column\">\n\t\t\t<div class=\"elementor-widget-wrap elementor-element-populated\">\n\t\t\t\t\t\t\t\t<div class=\"elementor-element elementor-element-42538cb elementor-widget elementor-widget-text-editor\" data-id=\"42538cb\" data-element_type=\"widget\" data-widget_type=\"text-editor.default\">\n\t\t\t\t<div class=\"elementor-widget-container\">\n\t\t\t<style>\/*! elementor - v3.5.6 - 28-02-2022 *\/\n.elementor-widget-text-editor.elementor-drop-cap-view-stacked .elementor-drop-cap{background-color:#818a91;color:#fff}.elementor-widget-text-editor.elementor-drop-cap-view-framed .elementor-drop-cap{color:#818a91;border:3px solid;background-color:transparent}.elementor-widget-text-editor:not(.elementor-drop-cap-view-default) .elementor-drop-cap{margin-top:8px}.elementor-widget-text-editor:not(.elementor-drop-cap-view-default) .elementor-drop-cap-letter{width:1em;height:1em}.elementor-widget-text-editor .elementor-drop-cap{float:left;text-align:center;line-height:1;font-size:50px}.elementor-widget-text-editor .elementor-drop-cap-letter{display:inline-block}<\/style>\t\t\t\t<p>W produkcji domk\u00f3w oraz pawilon\u00f3w handlowych specjalizujemy si\u0119 od 2009 roku.&nbsp;<br><span style=\"background-color: var(--nv-site-bg); color: var(--nv-text-color); font-family: var(--bodyFontFamily),var(--nv-fallback-ff); font-size: var(--bodyFontSize); font-weight: var(--bodyFontWeight); letter-spacing: var(--bodyLetterSpacing); text-transform: var(--bodyTextTransform);\">Jeste\u015bmy jednyn\u0105 firm\u0105 tego rodzaju na polskim rynku.&nbsp;<\/span><\/p>\t\t\t\t\t\t<\/div>\n\t\t\t\t<\/div>\n\t\t\t\t\t<\/div>\n\t\t<\/div>\n\t\t\t\t\t\t\t<\/div>\n\t\t<\/section>\n\t\t\t\t<section class=\"elementor-section elementor-top-section elementor-element elementor-element-575ff0b elementor-section-boxed elementor-section-height-default elementor-section-height-default\" data-id=\"575ff0b\" data-element_type=\"section\">\n\t\t\t\t\t\t<div class=\"elementor-container elementor-column-gap-default\">\n\t\t\t\t\t<div class=\"elementor-column elementor-col-50 elementor-top-column elementor-element elementor-element-3015be5\" data-id=\"3015be5\" data-element_type=\"column\">\n\t\t\t<div class=\"elementor-widget-wrap elementor-element-populated\">\n\t\t\t\t\t\t\t\t<div class=\"elementor-element elementor-element-e6a2ca6 elementor-widget elementor-widget-spacer\" data-id=\"e6a2ca6\" data-element_type=\"widget\" data-widget_type=\"spacer.default\">\n\t\t\t\t<div class=\"elementor-widget-container\">\n\t\t\t\t\t<div class=\"elementor-spacer\">\n\t\t\t<div class=\"elementor-spacer-inner\"><\/div>\n\t\t<\/div>\n\t\t\t\t<\/div>\n\t\t\t\t<\/div>\n\t\t\t\t\t<\/div>\n\t\t<\/div>\n\t\t\t\t<div class=\"elementor-column elementor-col-50 elementor-top-column elementor-element elementor-element-e3145d0\" data-id=\"e3145d0\" data-element_type=\"column\">\n\t\t\t<div class=\"elementor-widget-wrap elementor-element-populated\">\n\t\t\t\t\t\t\t\t<div class=\"elementor-element elementor-element-b825396 elementor-widget elementor-widget-heading\" data-id=\"b825396\" data-element_type=\"widget\" data-widget_type=\"heading.default\">\n\t\t\t\t<div class=\"elementor-widget-container\">\n\t\t\t<style>\/*! elementor - v3.5.6 - 28-02-2022 *\/\n.elementor-heading-title{padding:0;margin:0;line-height:1}.elementor-widget-heading .elementor-heading-title[class*=elementor-size-]>a{color:inherit;font-size:inherit;line-height:inherit}.elementor-widget-heading .elementor-heading-title.elementor-size-small{font-size:15px}.elementor-widget-heading .elementor-heading-title.elementor-size-medium{font-size:19px}.elementor-widget-heading .elementor-heading-title.elementor-size-large{font-size:29px}.elementor-widget-heading .elementor-heading-title.elementor-size-xl{font-size:39px}.elementor-widget-heading .elementor-heading-title.elementor-size-xxl{font-size:59px}<\/style><h2 class=\"elementor-heading-title elementor-size-default\">Zobacz nasze realizacje:<\/h2>\t\t<\/div>\n\t\t\t\t<\/div>\n\t\t\t\t\t<\/div>\n\t\t<\/div>\n\t\t\t\t\t\t\t<\/div>\n\t\t<\/section>\n\t\t\t\t<section class=\"elementor-section elementor-top-section elementor-element elementor-element-ec748fe elementor-section-boxed elementor-section-height-default elementor-section-height-default\" data-id=\"ec748fe\" data-element_type=\"section\">\n\t\t\t\t\t\t<div class=\"elementor-container elementor-column-gap-default\">\n\t\t\t\t\t<div class=\"elementor-column elementor-col-50 elementor-top-column elementor-element elementor-element-1d2a3e7\" data-id=\"1d2a3e7\" data-element_type=\"column\">\n\t\t\t<div class=\"elementor-widget-wrap elementor-element-populated\">\n\t\t\t\t\t\t\t\t<div class=\"elementor-element elementor-element-756614b elementor-widget elementor-widget-text-editor\" data-id=\"756614b\" data-element_type=\"widget\" data-widget_type=\"text-editor.default\">\n\t\t\t\t<div class=\"elementor-widget-container\">\n\t\t\t\t\t\t\t<p>Oferujemy:<\/p>\t\t\t\t\t\t<\/div>\n\t\t\t\t<\/div>\n\t\t\t\t\t<\/div>\n\t\t<\/div>\n\t\t\t\t<div class=\"elementor-column elementor-col-50 elementor-top-column elementor-element elementor-element-10f541c\" data-id=\"10f541c\" data-element_type=\"column\">\n\t\t\t<div class=\"elementor-widget-wrap elementor-element-populated\">\n\t\t\t\t\t\t\t\t<div class=\"elementor-element elementor-element-4f2c068 elementor-widget elementor-widget-image\" data-id=\"4f2c068\" data-element_type=\"widget\" data-widget_type=\"image.default\">\n\t\t\t\t<div class=\"elementor-widget-container\">\n\t\t\t<style>\/*! elementor - v3.5.6 - 28-02-2022 *\/\n.elementor-widget-image{text-align:center}.elementor-widget-image a{display:inline-block}.elementor-widget-image a img[src$=\".svg\"]{width:48px}.elementor-widget-image img{vertical-align:middle;display:inline-block}<\/style>\t\t\t\t\t\t\t\t\t<figure class=\"wp-caption\">\n\t\t\t\t\t\t\t\t\t\t\t<a href=\"https:\/\/bystron.com.pl\/index.php\/domki\/\">\n\t\t\t\t\t\t\t<img decoding=\"async\" src=\"https:\/\/bystron.com.pl\/wp-content\/uploads\/elementor\/thumbs\/IMG_7429-pm1fvbpwfyk9uit76m2tvabg62rmhgi4iir86rxrbc.jpg\" title=\"Domek Jarmark Wroc\u0142aw\" alt=\"Domek Wroc\u0142aw\" class=\"elementor-animation-shrink\" \/>\t\t\t\t\t\t\t\t<\/a>\n\t\t\t\t\t\t\t\t\t\t\t<figcaption class=\"widget-image-caption wp-caption-text\"><\/figcaption>\n\t\t\t\t\t\t\t\t\t\t<\/figure>\n\t\t\t\t\t\t\t\t\t<\/div>\n\t\t\t\t<\/div>\n\t\t\t\t\t<\/div>\n\t\t<\/div>\n\t\t\t\t\t\t\t<\/div>\n\t\t<\/section>\n\t\t\t\t<section class=\"elementor-section elementor-top-section elementor-element elementor-element-8a51950 elementor-section-boxed elementor-section-height-default elementor-section-height-default\" data-id=\"8a51950\" data-element_type=\"section\">\n\t\t\t\t\t\t<div class=\"elementor-container elementor-column-gap-default\">\n\t\t\t\t\t<div class=\"elementor-column elementor-col-50 elementor-top-column elementor-element elementor-element-f247977\" data-id=\"f247977\" data-element_type=\"column\">\n\t\t\t<div class=\"elementor-widget-wrap\">\n\t\t\t\t\t\t\t\t\t<\/div>\n\t\t<\/div>\n\t\t\t\t<div class=\"elementor-column elementor-col-50 elementor-top-column elementor-element elementor-element-b4ec3b9\" data-id=\"b4ec3b9\" data-element_type=\"column\">\n\t\t\t<div class=\"elementor-widget-wrap\">\n\t\t\t\t\t\t\t\t\t<\/div>\n\t\t<\/div>\n\t\t\t\t\t\t\t<\/div>\n\t\t<\/section>\n\t\t\t\t\t\t<\/div>\n\t\t\t\t\t<\/div>\n\t\t","protected":false},"excerpt":{"rendered":"<p>W produkcji domk\u00f3w oraz pawilon\u00f3w handlowych specjalizujemy si\u0119 od 2009 roku.&nbsp;Jeste\u015bmy jednyn\u0105 firm\u0105 tego rodzaju na polskim rynku.&nbsp; Zobacz nasze realizacje: Oferujemy:<\/p>\n","protected":false},"author":1,"featured_media":0,"parent":0,"menu_order":0,"comment_status":"closed","ping_status":"closed","template":"page-templates\/template-pagebuilder-full-width.php","meta":{"neve_meta_sidebar":"","neve_meta_container":"","neve_meta_enable_content_width":"","neve_meta_content_width":0,"neve_meta_title_alignment":"","neve_meta_author_avatar":"","neve_post_elements_order":"","neve_meta_disable_header":"","neve_meta_disable_footer":"","neve_meta_disable_title":"","footnotes":""},"class_list":["post-25","page","type-page","status-publish","hentry"],"yoast_head":"<!-- This site is optimized with the Yoast SEO plugin v18.3 - https:\/\/yoast.com\/wordpress\/plugins\/seo\/ -->\n<title>PRODUKCJA - ZPU Tomasz Bystro\u0144<\/title>\n<meta name=\"robots\" content=\"index, follow, max-snippet:-1, max-image-preview:large, max-video-preview:-1\" \/>\n<link rel=\"canonical\" href=\"https:\/\/bystron.com.pl\/index.php\/produkcja\/\" \/>\n<meta property=\"og:locale\" content=\"pl_PL\" \/>\n<meta property=\"og:type\" content=\"article\" \/>\n<meta property=\"og:title\" content=\"PRODUKCJA - ZPU Tomasz Bystro\u0144\" \/>\n<meta property=\"og:description\" content=\"W produkcji domk\u00f3w oraz pawilon\u00f3w handlowych specjalizujemy si\u0119 od 2009 roku.&nbsp;Jeste\u015bmy jednyn\u0105 firm\u0105 tego rodzaju na polskim rynku.&nbsp; Zobacz nasze realizacje: Oferujemy:\" \/>\n<meta property=\"og:url\" content=\"https:\/\/bystron.com.pl\/index.php\/produkcja\/\" \/>\n<meta property=\"og:site_name\" content=\"ZPU Tomasz Bystro\u0144\" \/>\n<meta property=\"article:modified_time\" content=\"2022-03-21T10:39:31+00:00\" \/>\n<meta property=\"og:image\" content=\"https:\/\/bystron.com.pl\/wp-content\/uploads\/elementor\/thumbs\/IMG_7429-pm1fvbpwfyk9uit76m2tvabg62rmhgi4iir86rxrbc.jpg\" \/>\n<meta name=\"twitter:card\" content=\"summary_large_image\" \/>\n<meta name=\"twitter:label1\" content=\"Szacowany czas czytania\" \/>\n\t<meta name=\"twitter:data1\" content=\"1 minuta\" \/>\n<script type=\"application\/ld+json\" class=\"yoast-schema-graph\">{\"@context\":\"https:\/\/schema.org\",\"@graph\":[{\"@type\":\"WebSite\",\"@id\":\"https:\/\/bystron.com.pl\/#website\",\"url\":\"https:\/\/bystron.com.pl\/\",\"name\":\"ZPU Tomasz Bystro\u0144\",\"description\":\"Transport oraz produkcja pawilon\u00f3w handlowych\",\"potentialAction\":[{\"@type\":\"SearchAction\",\"target\":{\"@type\":\"EntryPoint\",\"urlTemplate\":\"https:\/\/bystron.com.pl\/?s={search_term_string}\"},\"query-input\":\"required name=search_term_string\"}],\"inLanguage\":\"pl-PL\"},{\"@type\":\"ImageObject\",\"@id\":\"https:\/\/bystron.com.pl\/index.php\/produkcja\/#primaryimage\",\"inLanguage\":\"pl-PL\",\"url\":\"https:\/\/bystron.com.pl\/wp-content\/uploads\/elementor\/thumbs\/IMG_7429-pm1fvbpwfyk9uit76m2tvabg62rmhgi4iir86rxrbc.jpg\",\"contentUrl\":\"https:\/\/bystron.com.pl\/wp-content\/uploads\/elementor\/thumbs\/IMG_7429-pm1fvbpwfyk9uit76m2tvabg62rmhgi4iir86rxrbc.jpg\"},{\"@type\":\"WebPage\",\"@id\":\"https:\/\/bystron.com.pl\/index.php\/produkcja\/#webpage\",\"url\":\"https:\/\/bystron.com.pl\/index.php\/produkcja\/\",\"name\":\"PRODUKCJA - ZPU Tomasz Bystro\u0144\",\"isPartOf\":{\"@id\":\"https:\/\/bystron.com.pl\/#website\"},\"primaryImageOfPage\":{\"@id\":\"https:\/\/bystron.com.pl\/index.php\/produkcja\/#primaryimage\"},\"datePublished\":\"2022-03-14T11:19:07+00:00\",\"dateModified\":\"2022-03-21T10:39:31+00:00\",\"breadcrumb\":{\"@id\":\"https:\/\/bystron.com.pl\/index.php\/produkcja\/#breadcrumb\"},\"inLanguage\":\"pl-PL\",\"potentialAction\":[{\"@type\":\"ReadAction\",\"target\":[\"https:\/\/bystron.com.pl\/index.php\/produkcja\/\"]}]},{\"@type\":\"BreadcrumbList\",\"@id\":\"https:\/\/bystron.com.pl\/index.php\/produkcja\/#breadcrumb\",\"itemListElement\":[{\"@type\":\"ListItem\",\"position\":1,\"name\":\"Strona g\u0142\u00f3wna\",\"item\":\"https:\/\/bystron.com.pl\/\"},{\"@type\":\"ListItem\",\"position\":2,\"name\":\"PRODUKCJA\"}]}]}<\/script>\n<!-- \/ Yoast SEO plugin. -->","yoast_head_json":{"title":"PRODUKCJA - ZPU Tomasz Bystro\u0144","robots":{"index":"index","follow":"follow","max-snippet":"max-snippet:-1","max-image-preview":"max-image-preview:large","max-video-preview":"max-video-preview:-1"},"canonical":"https:\/\/bystron.com.pl\/index.php\/produkcja\/","og_locale":"pl_PL","og_type":"article","og_title":"PRODUKCJA - ZPU Tomasz Bystro\u0144","og_description":"W produkcji domk\u00f3w oraz pawilon\u00f3w handlowych specjalizujemy si\u0119 od 2009 roku.&nbsp;Jeste\u015bmy jednyn\u0105 firm\u0105 tego rodzaju na polskim rynku.&nbsp; Zobacz nasze realizacje: Oferujemy:","og_url":"https:\/\/bystron.com.pl\/index.php\/produkcja\/","og_site_name":"ZPU Tomasz Bystro\u0144","article_modified_time":"2022-03-21T10:39:31+00:00","og_image":[{"url":"https:\/\/bystron.com.pl\/wp-content\/uploads\/elementor\/thumbs\/IMG_7429-pm1fvbpwfyk9uit76m2tvabg62rmhgi4iir86rxrbc.jpg"}],"twitter_card":"summary_large_image","twitter_misc":{"Szacowany czas czytania":"1 minuta"},"schema":{"@context":"https:\/\/schema.org","@graph":[{"@type":"WebSite","@id":"https:\/\/bystron.com.pl\/#website","url":"https:\/\/bystron.com.pl\/","name":"ZPU Tomasz Bystro\u0144","description":"Transport oraz produkcja pawilon\u00f3w handlowych","potentialAction":[{"@type":"SearchAction","target":{"@type":"EntryPoint","urlTemplate":"https:\/\/bystron.com.pl\/?s={search_term_string}"},"query-input":"required name=search_term_string"}],"inLanguage":"pl-PL"},{"@type":"ImageObject","@id":"https:\/\/bystron.com.pl\/index.php\/produkcja\/#primaryimage","inLanguage":"pl-PL","url":"https:\/\/bystron.com.pl\/wp-content\/uploads\/elementor\/thumbs\/IMG_7429-pm1fvbpwfyk9uit76m2tvabg62rmhgi4iir86rxrbc.jpg","contentUrl":"https:\/\/bystron.com.pl\/wp-content\/uploads\/elementor\/thumbs\/IMG_7429-pm1fvbpwfyk9uit76m2tvabg62rmhgi4iir86rxrbc.jpg"},{"@type":"WebPage","@id":"https:\/\/bystron.com.pl\/index.php\/produkcja\/#webpage","url":"https:\/\/bystron.com.pl\/index.php\/produkcja\/","name":"PRODUKCJA - ZPU Tomasz Bystro\u0144","isPartOf":{"@id":"https:\/\/bystron.com.pl\/#website"},"primaryImageOfPage":{"@id":"https:\/\/bystron.com.pl\/index.php\/produkcja\/#primaryimage"},"datePublished":"2022-03-14T11:19:07+00:00","dateModified":"2022-03-21T10:39:31+00:00","breadcrumb":{"@id":"https:\/\/bystron.com.pl\/index.php\/produkcja\/#breadcrumb"},"inLanguage":"pl-PL","potentialAction":[{"@type":"ReadAction","target":["https:\/\/bystron.com.pl\/index.php\/produkcja\/"]}]},{"@type":"BreadcrumbList","@id":"https:\/\/bystron.com.pl\/index.php\/produkcja\/#breadcrumb","itemListElement":[{"@type":"ListItem","position":1,"name":"Strona g\u0142\u00f3wna","item":"https:\/\/bystron.com.pl\/"},{"@type":"ListItem","position":2,"name":"PRODUKCJA"}]}]}},"_links":{"self":[{"href":"https:\/\/bystron.com.pl\/index.php\/wp-json\/wp\/v2\/pages\/25","targetHints":{"allow":["GET"]}}],"collection":[{"href":"https:\/\/bystron.com.pl\/index.php\/wp-json\/wp\/v2\/pages"}],"about":[{"href":"https:\/\/bystron.com.pl\/index.php\/wp-json\/wp\/v2\/types\/page"}],"author":[{"embeddable":true,"href":"https:\/\/bystron.com.pl\/index.php\/wp-json\/wp\/v2\/users\/1"}],"replies":[{"embeddable":true,"href":"https:\/\/bystron.com.pl\/index.php\/wp-json\/wp\/v2\/comments?post=25"}],"version-history":[{"count":13,"href":"https:\/\/bystron.com.pl\/index.php\/wp-json\/wp\/v2\/pages\/25\/revisions"}],"predecessor-version":[{"id":329,"href":"https:\/\/bystron.com.pl\/index.php\/wp-json\/wp\/v2\/pages\/25\/revisions\/329"}],"wp:attachment":[{"href":"https:\/\/bystron.com.pl\/index.php\/wp-json\/wp\/v2\/media?parent=25"}],"curies":[{"name":"wp","href":"https:\/\/api.w.org\/{rel}","templated":true}]}}