{"id":26,"date":"2022-03-14T12:19:07","date_gmt":"2022-03-14T11:19:07","guid":{"rendered":"https:\/\/bystron.com.pl\/?page_id=26"},"modified":"2022-04-22T10:03:38","modified_gmt":"2022-04-22T08:03:38","slug":"transport","status":"publish","type":"page","link":"https:\/\/bystron.com.pl\/index.php\/transport\/","title":{"rendered":"TRANSPORT"},"content":{"rendered":"\t\t<div data-elementor-type=\"wp-page\" data-elementor-id=\"26\" class=\"elementor elementor-26\" data-elementor-settings=\"[]\">\n\t\t\t\t\t\t\t<div class=\"elementor-section-wrap\">\n\t\t\t\t\t\t\t<section class=\"elementor-section elementor-top-section elementor-element elementor-element-c57e704 elementor-section-boxed elementor-section-height-default elementor-section-height-default elementor-invisible\" data-id=\"c57e704\" data-element_type=\"section\" data-settings=\"{&quot;animation&quot;:&quot;fadeIn&quot;}\">\n\t\t\t\t\t\t<div class=\"elementor-container elementor-column-gap-default\">\n\t\t\t\t\t<div class=\"elementor-column elementor-col-100 elementor-top-column elementor-element elementor-element-1603524\" data-id=\"1603524\" data-element_type=\"column\">\n\t\t\t<div class=\"elementor-widget-wrap elementor-element-populated\">\n\t\t\t\t\t\t\t\t<div class=\"elementor-element elementor-element-cf9f504 elementor-widget elementor-widget-text-editor\" data-id=\"cf9f504\" data-element_type=\"widget\" data-widget_type=\"text-editor.default\">\n\t\t\t\t<div class=\"elementor-widget-container\">\n\t\t\t<style>\/*! elementor - v3.5.6 - 28-02-2022 *\/\n.elementor-widget-text-editor.elementor-drop-cap-view-stacked .elementor-drop-cap{background-color:#818a91;color:#fff}.elementor-widget-text-editor.elementor-drop-cap-view-framed .elementor-drop-cap{color:#818a91;border:3px solid;background-color:transparent}.elementor-widget-text-editor:not(.elementor-drop-cap-view-default) .elementor-drop-cap{margin-top:8px}.elementor-widget-text-editor:not(.elementor-drop-cap-view-default) .elementor-drop-cap-letter{width:1em;height:1em}.elementor-widget-text-editor .elementor-drop-cap{float:left;text-align:center;line-height:1;font-size:50px}.elementor-widget-text-editor .elementor-drop-cap-letter{display:inline-block}<\/style>\t\t\t\t<p>Transportem miedzynarodowym zajmujemy si\u0119 od 2013 roku<\/p>\t\t\t\t\t\t<\/div>\n\t\t\t\t<\/div>\n\t\t\t\t\t<\/div>\n\t\t<\/div>\n\t\t\t\t\t\t\t<\/div>\n\t\t<\/section>\n\t\t\t\t<section class=\"elementor-section elementor-top-section elementor-element elementor-element-e60e01e elementor-section-boxed elementor-section-height-default elementor-section-height-default elementor-invisible\" data-id=\"e60e01e\" data-element_type=\"section\" data-settings=\"{&quot;animation&quot;:&quot;fadeIn&quot;}\">\n\t\t\t\t\t\t<div class=\"elementor-container elementor-column-gap-default\">\n\t\t\t\t\t<div class=\"elementor-column elementor-col-50 elementor-top-column elementor-element elementor-element-a5d6491\" data-id=\"a5d6491\" data-element_type=\"column\">\n\t\t\t<div class=\"elementor-widget-wrap elementor-element-populated\">\n\t\t\t\t\t\t\t\t<div class=\"elementor-element elementor-element-35bcda3 animated-slow elementor-invisible elementor-widget elementor-widget-text-editor\" data-id=\"35bcda3\" data-element_type=\"widget\" data-settings=\"{&quot;_animation&quot;:&quot;slideInLeft&quot;}\" data-widget_type=\"text-editor.default\">\n\t\t\t\t<div class=\"elementor-widget-container\">\n\t\t\t\t\t\t\t<p>\u015aWIADCZYMY TRANSPORT\u00a0NACZEPAMI TYPU:<\/p><p>\u27a4\u00a0 13,6 mega (3H w \u015brodku)\u00a0<br \/>\u27a4 zestaw przestrzenny 7,7 + 7,7\u00a0 \u00a0120<span style=\"color: #4d5156; font-family: arial, sans-serif; font-size: 14px; text-align: left; background-color: var(--nv-site-bg); font-weight: var(--bodyFontWeight); letter-spacing: var(--bodyLetterSpacing); text-transform: var(--bodyTextTransform);\">m\u00b3<br \/><\/span>\u27a4 naczepa niskopodwoziowa<br \/>\u27a4 platforma<br \/>\u27a4 13,6 mega z wind\u0105 i paleciakiem\u00a0<span style=\"color: #4d5156; font-family: arial, sans-serif; font-size: 14px; text-align: left; background-color: var(--nv-site-bg); font-weight: var(--bodyFontWeight); letter-spacing: var(--bodyLetterSpacing); text-transform: var(--bodyTextTransform);\"><br \/><\/span><\/p>\t\t\t\t\t\t<\/div>\n\t\t\t\t<\/div>\n\t\t\t\t\t<\/div>\n\t\t<\/div>\n\t\t\t\t<div class=\"elementor-column elementor-col-50 elementor-top-column elementor-element elementor-element-7c06ad8 elementor-invisible\" data-id=\"7c06ad8\" data-element_type=\"column\" data-settings=\"{&quot;animation&quot;:&quot;lightSpeedIn&quot;}\">\n\t\t\t<div class=\"elementor-widget-wrap elementor-element-populated\">\n\t\t\t\t\t\t\t\t<div class=\"elementor-element elementor-element-5c43570 elementor-widget elementor-widget-image\" data-id=\"5c43570\" data-element_type=\"widget\" data-widget_type=\"image.default\">\n\t\t\t\t<div class=\"elementor-widget-container\">\n\t\t\t<style>\/*! elementor - v3.5.6 - 28-02-2022 *\/\n.elementor-widget-image{text-align:center}.elementor-widget-image a{display:inline-block}.elementor-widget-image a img[src$=\".svg\"]{width:48px}.elementor-widget-image img{vertical-align:middle;display:inline-block}<\/style>\t\t\t\t\t\t\t\t\t\t\t\t<img loading=\"lazy\" decoding=\"async\" width=\"1000\" height=\"800\" src=\"https:\/\/bystron.com.pl\/wp-content\/uploads\/2022\/03\/3d-truck-1.jpg\" class=\"elementor-animation-pulse attachment-large size-large\" alt=\"bia\u0142a ci\u0119\u017car\u00f3wka\" srcset=\"https:\/\/bystron.com.pl\/wp-content\/uploads\/2022\/03\/3d-truck-1.jpg 1000w, https:\/\/bystron.com.pl\/wp-content\/uploads\/2022\/03\/3d-truck-1-300x240.jpg 300w, https:\/\/bystron.com.pl\/wp-content\/uploads\/2022\/03\/3d-truck-1-768x614.jpg 768w\" sizes=\"auto, (max-width: 1000px) 100vw, 1000px\" \/>\t\t\t\t\t\t\t\t\t\t\t\t\t\t\t<\/div>\n\t\t\t\t<\/div>\n\t\t\t\t\t<\/div>\n\t\t<\/div>\n\t\t\t\t\t\t\t<\/div>\n\t\t<\/section>\n\t\t\t\t<section class=\"elementor-section elementor-top-section elementor-element elementor-element-0b59788 elementor-section-boxed elementor-section-height-default elementor-section-height-default\" data-id=\"0b59788\" data-element_type=\"section\">\n\t\t\t\t\t\t<div class=\"elementor-container elementor-column-gap-default\">\n\t\t\t\t\t<div class=\"elementor-column elementor-col-100 elementor-top-column elementor-element elementor-element-cb3dfaa\" data-id=\"cb3dfaa\" data-element_type=\"column\">\n\t\t\t<div class=\"elementor-widget-wrap elementor-element-populated\">\n\t\t\t\t\t\t\t\t<div class=\"elementor-element elementor-element-80407c5 elementor-pagination-position-inside elementor-arrows-position-inside elementor-invisible elementor-widget elementor-widget-image-carousel\" data-id=\"80407c5\" data-element_type=\"widget\" data-settings=\"{&quot;image_spacing_custom&quot;:{&quot;unit&quot;:&quot;px&quot;,&quot;size&quot;:0,&quot;sizes&quot;:[]},&quot;_animation&quot;:&quot;fadeInLeft&quot;,&quot;navigation&quot;:&quot;both&quot;,&quot;autoplay&quot;:&quot;yes&quot;,&quot;pause_on_hover&quot;:&quot;yes&quot;,&quot;pause_on_interaction&quot;:&quot;yes&quot;,&quot;autoplay_speed&quot;:5000,&quot;infinite&quot;:&quot;yes&quot;,&quot;speed&quot;:500}\" data-widget_type=\"image-carousel.default\">\n\t\t\t\t<div class=\"elementor-widget-container\">\n\t\t\t<style>\/*! elementor - v3.5.6 - 28-02-2022 *\/\n.elementor-widget-image-carousel .swiper-container{position:static}.elementor-widget-image-carousel .swiper-container .swiper-slide figure{line-height:inherit}.elementor-widget-image-carousel .swiper-slide{text-align:center}.elementor-image-carousel-wrapper:not(.swiper-container-initialized) .swiper-slide{max-width:calc(100% \/ var(--e-image-carousel-slides-to-show, 3))}<\/style>\t\t<div class=\"elementor-image-carousel-wrapper swiper-container\" dir=\"ltr\">\n\t\t\t<div class=\"elementor-image-carousel swiper-wrapper\">\n\t\t\t\t\t\t\t\t<div class=\"swiper-slide\"><a data-elementor-open-lightbox=\"yes\" data-elementor-lightbox-slideshow=\"80407c5\" data-elementor-lightbox-title=\"Bystro\u0144 Transport\" e-action-hash=\"#elementor-action%3Aaction%3Dlightbox%26settings%3DeyJpZCI6MzY1LCJ1cmwiOiJodHRwczpcL1wvYnlzdHJvbi5jb20ucGxcL3dwLWNvbnRlbnRcL3VwbG9hZHNcLzIwMjJcLzA0XC8yNzg1ODE4ODVfNDkzODM2OTQyMTcyMDQ5XzU1MzE4MjI2OTY5MTA3MTc0NzJfbjExLmpwZyIsInNsaWRlc2hvdyI6IjgwNDA3YzUifQ%3D%3D\" href=\"https:\/\/bystron.com.pl\/index.php\/tabor\/\"><figure class=\"swiper-slide-inner\"><img decoding=\"async\" class=\"swiper-slide-image\" src=\"https:\/\/bystron.com.pl\/wp-content\/uploads\/2022\/04\/278581885_493836942172049_5531822696910717472_n11-300x225.jpg\" alt=\"Bystro\u0144 Transport\" \/><\/figure><\/a><\/div><div class=\"swiper-slide\"><a data-elementor-open-lightbox=\"yes\" data-elementor-lightbox-slideshow=\"80407c5\" data-elementor-lightbox-title=\"Bystro\u0144 Transport [1]\" e-action-hash=\"#elementor-action%3Aaction%3Dlightbox%26settings%3DeyJpZCI6MzY2LCJ1cmwiOiJodHRwczpcL1wvYnlzdHJvbi5jb20ucGxcL3dwLWNvbnRlbnRcL3VwbG9hZHNcLzIwMjJcLzA0XC8yNzg2MjE3MTNfNDU5MTc4MzY1OTc5NDQxXzgyNDc5NzYxNDI1MTQ4MDg5NTlfbjEuanBnIiwic2xpZGVzaG93IjoiODA0MDdjNSJ9\" href=\"https:\/\/bystron.com.pl\/index.php\/tabor\/\"><figure class=\"swiper-slide-inner\"><img decoding=\"async\" class=\"swiper-slide-image\" src=\"https:\/\/bystron.com.pl\/wp-content\/uploads\/2022\/04\/278621713_459178365979441_8247976142514808959_n1-300x225.jpg\" alt=\"Bystro\u0144 Transport [1]\" \/><\/figure><\/a><\/div><div class=\"swiper-slide\"><a data-elementor-open-lightbox=\"yes\" data-elementor-lightbox-slideshow=\"80407c5\" data-elementor-lightbox-title=\"Bystro\u0144 Transport\" e-action-hash=\"#elementor-action%3Aaction%3Dlightbox%26settings%3DeyJpZCI6MzY3LCJ1cmwiOiJodHRwczpcL1wvYnlzdHJvbi5jb20ucGxcL3dwLWNvbnRlbnRcL3VwbG9hZHNcLzIwMjJcLzA0XC8yNzg2NzM5NTVfMTAyNzI3NTIyMTI0MTExNF8zODU0Njc4Mzc2MTMyOTYyNzNfbjEuanBnIiwic2xpZGVzaG93IjoiODA0MDdjNSJ9\" href=\"https:\/\/bystron.com.pl\/index.php\/tabor\/\"><figure class=\"swiper-slide-inner\"><img decoding=\"async\" class=\"swiper-slide-image\" src=\"https:\/\/bystron.com.pl\/wp-content\/uploads\/2022\/04\/278673955_1027275221241114_385467837613296273_n1-300x225.jpg\" alt=\"Bystro\u0144 Transport\" \/><\/figure><\/a><\/div><div class=\"swiper-slide\"><a data-elementor-open-lightbox=\"yes\" data-elementor-lightbox-slideshow=\"80407c5\" data-elementor-lightbox-title=\"Bystro\u0144 Transport\" e-action-hash=\"#elementor-action%3Aaction%3Dlightbox%26settings%3DeyJpZCI6MzY4LCJ1cmwiOiJodHRwczpcL1wvYnlzdHJvbi5jb20ucGxcL3dwLWNvbnRlbnRcL3VwbG9hZHNcLzIwMjJcLzA0XC8yNzg3MTcxODBfMTAyOTExNzQ0Nzk2ODA2OV84ODgyNjU1MDA2OTY1NzM4NzlfbjEuanBnIiwic2xpZGVzaG93IjoiODA0MDdjNSJ9\" href=\"https:\/\/bystron.com.pl\/index.php\/tabor\/\"><figure class=\"swiper-slide-inner\"><img decoding=\"async\" class=\"swiper-slide-image\" src=\"https:\/\/bystron.com.pl\/wp-content\/uploads\/2022\/04\/278717180_1029117447968069_888265500696573879_n1-300x225.jpg\" alt=\"Bystro\u0144 Transport\" \/><\/figure><\/a><\/div><div class=\"swiper-slide\"><a data-elementor-open-lightbox=\"yes\" data-elementor-lightbox-slideshow=\"80407c5\" data-elementor-lightbox-title=\"Bystro\u0144 Transport [1]\" e-action-hash=\"#elementor-action%3Aaction%3Dlightbox%26settings%3DeyJpZCI6MzY5LCJ1cmwiOiJodHRwczpcL1wvYnlzdHJvbi5jb20ucGxcL3dwLWNvbnRlbnRcL3VwbG9hZHNcLzIwMjJcLzA0XC8yNzg3MjU5MTdfNzQ1MDUzNjA5ODQ2Mzk0XzQ2NTUxNTMxOTc3MDU4NDQzMjdfbjEuanBnIiwic2xpZGVzaG93IjoiODA0MDdjNSJ9\" href=\"https:\/\/bystron.com.pl\/index.php\/tabor\/\"><figure class=\"swiper-slide-inner\"><img decoding=\"async\" class=\"swiper-slide-image\" src=\"https:\/\/bystron.com.pl\/wp-content\/uploads\/2022\/04\/278725917_745053609846394_4655153197705844327_n1-200x300.jpg\" alt=\"Bystro\u0144 Transport [1]\" \/><\/figure><\/a><\/div><div class=\"swiper-slide\"><a data-elementor-open-lightbox=\"yes\" data-elementor-lightbox-slideshow=\"80407c5\" data-elementor-lightbox-title=\"Bystro\u0144 Transport [1]\" e-action-hash=\"#elementor-action%3Aaction%3Dlightbox%26settings%3DeyJpZCI6MzcwLCJ1cmwiOiJodHRwczpcL1wvYnlzdHJvbi5jb20ucGxcL3dwLWNvbnRlbnRcL3VwbG9hZHNcLzIwMjJcLzA0XC8yNzg3NTY4NDRfNDQ5NTE4MjUzNjQxNjk2XzU2ODYwMDU4MjU3ODEyMDU3MTBfbjEuanBnIiwic2xpZGVzaG93IjoiODA0MDdjNSJ9\" href=\"https:\/\/bystron.com.pl\/index.php\/tabor\/\"><figure class=\"swiper-slide-inner\"><img decoding=\"async\" class=\"swiper-slide-image\" src=\"https:\/\/bystron.com.pl\/wp-content\/uploads\/2022\/04\/278756844_449518253641696_5686005825781205710_n1-300x225.jpg\" alt=\"Bystro\u0144 Transport [1]\" \/><\/figure><\/a><\/div><div class=\"swiper-slide\"><a data-elementor-open-lightbox=\"yes\" data-elementor-lightbox-slideshow=\"80407c5\" data-elementor-lightbox-title=\"Bystro\u0144 Transport\" e-action-hash=\"#elementor-action%3Aaction%3Dlightbox%26settings%3DeyJpZCI6MzcxLCJ1cmwiOiJodHRwczpcL1wvYnlzdHJvbi5jb20ucGxcL3dwLWNvbnRlbnRcL3VwbG9hZHNcLzIwMjJcLzA0XC8yNzg3NjM2NDVfMjUwMjcwODUzNjUzMTE4OF8zMzg4Mjk1OTc5NDI1ODkyMTkyX24xLmpwZyIsInNsaWRlc2hvdyI6IjgwNDA3YzUifQ%3D%3D\" href=\"https:\/\/bystron.com.pl\/index.php\/tabor\/\"><figure class=\"swiper-slide-inner\"><img decoding=\"async\" class=\"swiper-slide-image\" src=\"https:\/\/bystron.com.pl\/wp-content\/uploads\/2022\/04\/278763645_2502708536531188_3388295979425892192_n1-300x225.jpg\" alt=\"Bystro\u0144 Transport\" \/><\/figure><\/a><\/div><div class=\"swiper-slide\"><a data-elementor-open-lightbox=\"yes\" data-elementor-lightbox-slideshow=\"80407c5\" data-elementor-lightbox-title=\"Bystro\u0144 Transport\" e-action-hash=\"#elementor-action%3Aaction%3Dlightbox%26settings%3DeyJpZCI6MzcyLCJ1cmwiOiJodHRwczpcL1wvYnlzdHJvbi5jb20ucGxcL3dwLWNvbnRlbnRcL3VwbG9hZHNcLzIwMjJcLzA0XC8yNzg3NjU5MzdfNTE4NTg4NzQzMjA5MDg0XzQ4MzY4MTA1MzY2MjM5Mjc0OTJfbjEuanBnIiwic2xpZGVzaG93IjoiODA0MDdjNSJ9\" href=\"https:\/\/bystron.com.pl\/index.php\/tabor\/\"><figure class=\"swiper-slide-inner\"><img decoding=\"async\" class=\"swiper-slide-image\" src=\"https:\/\/bystron.com.pl\/wp-content\/uploads\/2022\/04\/278765937_518588743209084_4836810536623927492_n1-300x225.jpg\" alt=\"Bystro\u0144 Transport\" \/><\/figure><\/a><\/div>\t\t\t<\/div>\n\t\t\t\t\t\t\t\t\t\t\t\t<div class=\"swiper-pagination\"><\/div>\n\t\t\t\t\t\t\t\t\t\t\t\t\t<div class=\"elementor-swiper-button elementor-swiper-button-prev\">\n\t\t\t\t\t\t<i aria-hidden=\"true\" class=\"eicon-chevron-left\"><\/i>\t\t\t\t\t\t<span class=\"elementor-screen-only\">Poprzednie<\/span>\n\t\t\t\t\t<\/div>\n\t\t\t\t\t<div class=\"elementor-swiper-button elementor-swiper-button-next\">\n\t\t\t\t\t\t<i aria-hidden=\"true\" class=\"eicon-chevron-right\"><\/i>\t\t\t\t\t\t<span class=\"elementor-screen-only\">Nast\u0119pne<\/span>\n\t\t\t\t\t<\/div>\n\t\t\t\t\t\t\t\t\t<\/div>\n\t\t\t\t<\/div>\n\t\t\t\t<\/div>\n\t\t\t\t\t<\/div>\n\t\t<\/div>\n\t\t\t\t\t\t\t<\/div>\n\t\t<\/section>\n\t\t\t\t\t\t<\/div>\n\t\t\t\t\t<\/div>\n\t\t","protected":false},"excerpt":{"rendered":"<p>Transportem miedzynarodowym zajmujemy si\u0119 od 2013 roku \u015aWIADCZYMY TRANSPORT\u00a0NACZEPAMI TYPU: \u27a4\u00a0 13,6 mega (3H w \u015brodku)\u00a0\u27a4 zestaw przestrzenny 7,7 + 7,7\u00a0 \u00a0120m\u00b3\u27a4 naczepa niskopodwoziowa\u27a4 platforma\u27a4 13,6 mega z wind\u0105 i paleciakiem\u00a0 Poprzednie Nast\u0119pne<\/p>\n","protected":false},"author":1,"featured_media":0,"parent":0,"menu_order":0,"comment_status":"closed","ping_status":"closed","template":"page-templates\/template-pagebuilder-full-width.php","meta":{"neve_meta_sidebar":"","neve_meta_container":"","neve_meta_enable_content_width":"","neve_meta_content_width":0,"neve_meta_title_alignment":"","neve_meta_author_avatar":"","neve_post_elements_order":"","neve_meta_disable_header":"","neve_meta_disable_footer":"","neve_meta_disable_title":"","footnotes":""},"class_list":["post-26","page","type-page","status-publish","hentry"],"yoast_head":"<!-- This site is optimized with the Yoast SEO plugin v18.3 - https:\/\/yoast.com\/wordpress\/plugins\/seo\/ -->\n<title>TRANSPORT - ZPU Tomasz Bystro\u0144<\/title>\n<meta name=\"robots\" content=\"index, follow, max-snippet:-1, max-image-preview:large, max-video-preview:-1\" \/>\n<link rel=\"canonical\" href=\"https:\/\/bystron.com.pl\/index.php\/transport\/\" \/>\n<meta property=\"og:locale\" content=\"pl_PL\" \/>\n<meta property=\"og:type\" content=\"article\" \/>\n<meta property=\"og:title\" content=\"TRANSPORT - ZPU Tomasz Bystro\u0144\" \/>\n<meta property=\"og:description\" content=\"Transportem miedzynarodowym zajmujemy si\u0119 od 2013 roku \u015aWIADCZYMY TRANSPORT\u00a0NACZEPAMI TYPU: \u27a4\u00a0 13,6 mega (3H w \u015brodku)\u00a0\u27a4 zestaw przestrzenny 7,7 + 7,7\u00a0 \u00a0120m\u00b3\u27a4 naczepa niskopodwoziowa\u27a4 platforma\u27a4 13,6 mega z wind\u0105 i paleciakiem\u00a0 Poprzednie Nast\u0119pne\" \/>\n<meta property=\"og:url\" content=\"https:\/\/bystron.com.pl\/index.php\/transport\/\" \/>\n<meta property=\"og:site_name\" content=\"ZPU Tomasz Bystro\u0144\" \/>\n<meta property=\"article:modified_time\" content=\"2022-04-22T08:03:38+00:00\" \/>\n<meta property=\"og:image\" content=\"https:\/\/bystron.com.pl\/wp-content\/uploads\/2022\/03\/3d-truck-1.jpg\" \/>\n<meta name=\"twitter:card\" content=\"summary_large_image\" \/>\n<meta name=\"twitter:label1\" content=\"Szacowany czas czytania\" \/>\n\t<meta name=\"twitter:data1\" content=\"4 minuty\" \/>\n<script type=\"application\/ld+json\" class=\"yoast-schema-graph\">{\"@context\":\"https:\/\/schema.org\",\"@graph\":[{\"@type\":\"WebSite\",\"@id\":\"https:\/\/bystron.com.pl\/#website\",\"url\":\"https:\/\/bystron.com.pl\/\",\"name\":\"ZPU Tomasz Bystro\u0144\",\"description\":\"Transport oraz produkcja pawilon\u00f3w handlowych\",\"potentialAction\":[{\"@type\":\"SearchAction\",\"target\":{\"@type\":\"EntryPoint\",\"urlTemplate\":\"https:\/\/bystron.com.pl\/?s={search_term_string}\"},\"query-input\":\"required name=search_term_string\"}],\"inLanguage\":\"pl-PL\"},{\"@type\":\"ImageObject\",\"@id\":\"https:\/\/bystron.com.pl\/index.php\/transport\/#primaryimage\",\"inLanguage\":\"pl-PL\",\"url\":\"https:\/\/bystron.com.pl\/wp-content\/uploads\/2022\/03\/3d-truck-1.jpg\",\"contentUrl\":\"https:\/\/bystron.com.pl\/wp-content\/uploads\/2022\/03\/3d-truck-1.jpg\",\"width\":1000,\"height\":800,\"caption\":\"bia\u0142a ci\u0119\u017car\u00f3wka\"},{\"@type\":\"WebPage\",\"@id\":\"https:\/\/bystron.com.pl\/index.php\/transport\/#webpage\",\"url\":\"https:\/\/bystron.com.pl\/index.php\/transport\/\",\"name\":\"TRANSPORT - ZPU Tomasz Bystro\u0144\",\"isPartOf\":{\"@id\":\"https:\/\/bystron.com.pl\/#website\"},\"primaryImageOfPage\":{\"@id\":\"https:\/\/bystron.com.pl\/index.php\/transport\/#primaryimage\"},\"datePublished\":\"2022-03-14T11:19:07+00:00\",\"dateModified\":\"2022-04-22T08:03:38+00:00\",\"breadcrumb\":{\"@id\":\"https:\/\/bystron.com.pl\/index.php\/transport\/#breadcrumb\"},\"inLanguage\":\"pl-PL\",\"potentialAction\":[{\"@type\":\"ReadAction\",\"target\":[\"https:\/\/bystron.com.pl\/index.php\/transport\/\"]}]},{\"@type\":\"BreadcrumbList\",\"@id\":\"https:\/\/bystron.com.pl\/index.php\/transport\/#breadcrumb\",\"itemListElement\":[{\"@type\":\"ListItem\",\"position\":1,\"name\":\"Strona g\u0142\u00f3wna\",\"item\":\"https:\/\/bystron.com.pl\/\"},{\"@type\":\"ListItem\",\"position\":2,\"name\":\"TRANSPORT\"}]}]}<\/script>\n<!-- \/ Yoast SEO plugin. -->","yoast_head_json":{"title":"TRANSPORT - ZPU Tomasz Bystro\u0144","robots":{"index":"index","follow":"follow","max-snippet":"max-snippet:-1","max-image-preview":"max-image-preview:large","max-video-preview":"max-video-preview:-1"},"canonical":"https:\/\/bystron.com.pl\/index.php\/transport\/","og_locale":"pl_PL","og_type":"article","og_title":"TRANSPORT - ZPU Tomasz Bystro\u0144","og_description":"Transportem miedzynarodowym zajmujemy si\u0119 od 2013 roku \u015aWIADCZYMY TRANSPORT\u00a0NACZEPAMI TYPU: \u27a4\u00a0 13,6 mega (3H w \u015brodku)\u00a0\u27a4 zestaw przestrzenny 7,7 + 7,7\u00a0 \u00a0120m\u00b3\u27a4 naczepa niskopodwoziowa\u27a4 platforma\u27a4 13,6 mega z wind\u0105 i paleciakiem\u00a0 Poprzednie Nast\u0119pne","og_url":"https:\/\/bystron.com.pl\/index.php\/transport\/","og_site_name":"ZPU Tomasz Bystro\u0144","article_modified_time":"2022-04-22T08:03:38+00:00","og_image":[{"url":"https:\/\/bystron.com.pl\/wp-content\/uploads\/2022\/03\/3d-truck-1.jpg"}],"twitter_card":"summary_large_image","twitter_misc":{"Szacowany czas czytania":"4 minuty"},"schema":{"@context":"https:\/\/schema.org","@graph":[{"@type":"WebSite","@id":"https:\/\/bystron.com.pl\/#website","url":"https:\/\/bystron.com.pl\/","name":"ZPU Tomasz Bystro\u0144","description":"Transport oraz produkcja pawilon\u00f3w handlowych","potentialAction":[{"@type":"SearchAction","target":{"@type":"EntryPoint","urlTemplate":"https:\/\/bystron.com.pl\/?s={search_term_string}"},"query-input":"required name=search_term_string"}],"inLanguage":"pl-PL"},{"@type":"ImageObject","@id":"https:\/\/bystron.com.pl\/index.php\/transport\/#primaryimage","inLanguage":"pl-PL","url":"https:\/\/bystron.com.pl\/wp-content\/uploads\/2022\/03\/3d-truck-1.jpg","contentUrl":"https:\/\/bystron.com.pl\/wp-content\/uploads\/2022\/03\/3d-truck-1.jpg","width":1000,"height":800,"caption":"bia\u0142a ci\u0119\u017car\u00f3wka"},{"@type":"WebPage","@id":"https:\/\/bystron.com.pl\/index.php\/transport\/#webpage","url":"https:\/\/bystron.com.pl\/index.php\/transport\/","name":"TRANSPORT - ZPU Tomasz Bystro\u0144","isPartOf":{"@id":"https:\/\/bystron.com.pl\/#website"},"primaryImageOfPage":{"@id":"https:\/\/bystron.com.pl\/index.php\/transport\/#primaryimage"},"datePublished":"2022-03-14T11:19:07+00:00","dateModified":"2022-04-22T08:03:38+00:00","breadcrumb":{"@id":"https:\/\/bystron.com.pl\/index.php\/transport\/#breadcrumb"},"inLanguage":"pl-PL","potentialAction":[{"@type":"ReadAction","target":["https:\/\/bystron.com.pl\/index.php\/transport\/"]}]},{"@type":"BreadcrumbList","@id":"https:\/\/bystron.com.pl\/index.php\/transport\/#breadcrumb","itemListElement":[{"@type":"ListItem","position":1,"name":"Strona g\u0142\u00f3wna","item":"https:\/\/bystron.com.pl\/"},{"@type":"ListItem","position":2,"name":"TRANSPORT"}]}]}},"_links":{"self":[{"href":"https:\/\/bystron.com.pl\/index.php\/wp-json\/wp\/v2\/pages\/26","targetHints":{"allow":["GET"]}}],"collection":[{"href":"https:\/\/bystron.com.pl\/index.php\/wp-json\/wp\/v2\/pages"}],"about":[{"href":"https:\/\/bystron.com.pl\/index.php\/wp-json\/wp\/v2\/types\/page"}],"author":[{"embeddable":true,"href":"https:\/\/bystron.com.pl\/index.php\/wp-json\/wp\/v2\/users\/1"}],"replies":[{"embeddable":true,"href":"https:\/\/bystron.com.pl\/index.php\/wp-json\/wp\/v2\/comments?post=26"}],"version-history":[{"count":25,"href":"https:\/\/bystron.com.pl\/index.php\/wp-json\/wp\/v2\/pages\/26\/revisions"}],"predecessor-version":[{"id":379,"href":"https:\/\/bystron.com.pl\/index.php\/wp-json\/wp\/v2\/pages\/26\/revisions\/379"}],"wp:attachment":[{"href":"https:\/\/bystron.com.pl\/index.php\/wp-json\/wp\/v2\/media?parent=26"}],"curies":[{"name":"wp","href":"https:\/\/api.w.org\/{rel}","templated":true}]}}