{"id":65,"date":"2022-03-16T08:14:12","date_gmt":"2022-03-16T07:14:12","guid":{"rendered":"https:\/\/bystron.com.pl\/index.php\/hestia-front\/"},"modified":"2022-03-18T10:07:35","modified_gmt":"2022-03-18T09:07:35","slug":"zaklad-produkcyjno-uslugowy-tomasz-bystron","status":"publish","type":"page","link":"https:\/\/bystron.com.pl\/","title":{"rendered":"BYSTRO\u0143"},"content":{"rendered":"\t\t<div data-elementor-type=\"wp-page\" data-elementor-id=\"65\" class=\"elementor elementor-65\" data-elementor-settings=\"[]\">\n\t\t\t\t\t\t\t<div class=\"elementor-section-wrap\">\n\t\t\t\t\t\t\t<section class=\"elementor-section elementor-top-section elementor-element elementor-element-ea2e164 elementor-section-boxed elementor-section-height-default elementor-section-height-default\" data-id=\"ea2e164\" data-element_type=\"section\">\n\t\t\t\t\t\t<div class=\"elementor-container elementor-column-gap-default\">\n\t\t\t\t\t<div class=\"elementor-column elementor-col-100 elementor-top-column elementor-element elementor-element-05a3c42\" data-id=\"05a3c42\" data-element_type=\"column\">\n\t\t\t<div class=\"elementor-widget-wrap elementor-element-populated\">\n\t\t\t\t\t\t\t\t<div class=\"elementor-element elementor-element-34b11fc elementor-widget elementor-widget-text-editor\" data-id=\"34b11fc\" data-element_type=\"widget\" data-widget_type=\"text-editor.default\">\n\t\t\t\t<div class=\"elementor-widget-container\">\n\t\t\t<style>\/*! elementor - v3.5.6 - 28-02-2022 *\/\n.elementor-widget-text-editor.elementor-drop-cap-view-stacked .elementor-drop-cap{background-color:#818a91;color:#fff}.elementor-widget-text-editor.elementor-drop-cap-view-framed .elementor-drop-cap{color:#818a91;border:3px solid;background-color:transparent}.elementor-widget-text-editor:not(.elementor-drop-cap-view-default) .elementor-drop-cap{margin-top:8px}.elementor-widget-text-editor:not(.elementor-drop-cap-view-default) .elementor-drop-cap-letter{width:1em;height:1em}.elementor-widget-text-editor .elementor-drop-cap{float:left;text-align:center;line-height:1;font-size:50px}.elementor-widget-text-editor .elementor-drop-cap-letter{display:inline-block}<\/style>\t\t\t\t<div>\u00a0<\/div>\t\t\t\t\t\t<\/div>\n\t\t\t\t<\/div>\n\t\t\t\t\t<\/div>\n\t\t<\/div>\n\t\t\t\t\t\t\t<\/div>\n\t\t<\/section>\n\t\t\t\t<section class=\"elementor-section elementor-top-section elementor-element elementor-element-e5f31b6 elementor-section-boxed elementor-section-height-default elementor-section-height-default\" data-id=\"e5f31b6\" data-element_type=\"section\">\n\t\t\t\t\t\t<div class=\"elementor-container elementor-column-gap-default\">\n\t\t\t\t\t<div class=\"elementor-column elementor-col-100 elementor-top-column elementor-element elementor-element-b45a2e5\" data-id=\"b45a2e5\" data-element_type=\"column\">\n\t\t\t<div class=\"elementor-widget-wrap elementor-element-populated\">\n\t\t\t\t\t\t\t\t<div class=\"elementor-element elementor-element-ff52cbf elementor-invisible elementor-widget elementor-widget-text-editor\" data-id=\"ff52cbf\" data-element_type=\"widget\" data-settings=\"{&quot;_animation&quot;:&quot;fadeIn&quot;}\" data-widget_type=\"text-editor.default\">\n\t\t\t\t<div class=\"elementor-widget-container\">\n\t\t\t\t\t\t\t<p>Jeste\u015bmy jedynym w Polsce producentem pawilon\u00f3w handlowych na stoiska tematyczne!<\/p>\t\t\t\t\t\t<\/div>\n\t\t\t\t<\/div>\n\t\t\t\t\t<\/div>\n\t\t<\/div>\n\t\t\t\t\t\t\t<\/div>\n\t\t<\/section>\n\t\t\t\t<section class=\"elementor-section elementor-top-section elementor-element elementor-element-855e1fa elementor-section-boxed elementor-section-height-default elementor-section-height-default elementor-invisible\" data-id=\"855e1fa\" data-element_type=\"section\" data-settings=\"{&quot;animation&quot;:&quot;fadeIn&quot;}\">\n\t\t\t\t\t\t<div class=\"elementor-container elementor-column-gap-default\">\n\t\t\t\t\t<div class=\"elementor-column elementor-col-100 elementor-top-column elementor-element elementor-element-15622ec\" data-id=\"15622ec\" data-element_type=\"column\">\n\t\t\t<div class=\"elementor-widget-wrap elementor-element-populated\">\n\t\t\t\t\t\t\t\t<div class=\"elementor-element elementor-element-5b26467 elementor-widget elementor-widget-text-editor\" data-id=\"5b26467\" data-element_type=\"widget\" data-widget_type=\"text-editor.default\">\n\t\t\t\t<div class=\"elementor-widget-container\">\n\t\t\t\t\t\t\t<p>Nasze projekty mo\u017cna zobaczy\u0107 m.in. na Jarmarku Bo\u017conarodzeniowym we Wroc\u0142awiu<\/p>\t\t\t\t\t\t<\/div>\n\t\t\t\t<\/div>\n\t\t\t\t\t<\/div>\n\t\t<\/div>\n\t\t\t\t\t\t\t<\/div>\n\t\t<\/section>\n\t\t\t\t<section class=\"elementor-section elementor-top-section elementor-element elementor-element-31db07c animated-slow elementor-section-boxed elementor-section-height-default elementor-section-height-default elementor-invisible\" data-id=\"31db07c\" data-element_type=\"section\" data-settings=\"{&quot;animation&quot;:&quot;bounceInLeft&quot;}\">\n\t\t\t\t\t\t<div class=\"elementor-container elementor-column-gap-default\">\n\t\t\t\t\t<div class=\"elementor-column elementor-col-100 elementor-top-column elementor-element elementor-element-d1a6201\" data-id=\"d1a6201\" data-element_type=\"column\">\n\t\t\t<div class=\"elementor-widget-wrap elementor-element-populated\">\n\t\t\t\t\t\t\t\t<div class=\"elementor-element elementor-element-4e740d6 elementor-widget elementor-widget-image\" data-id=\"4e740d6\" data-element_type=\"widget\" data-widget_type=\"image.default\">\n\t\t\t\t<div class=\"elementor-widget-container\">\n\t\t\t<style>\/*! elementor - v3.5.6 - 28-02-2022 *\/\n.elementor-widget-image{text-align:center}.elementor-widget-image a{display:inline-block}.elementor-widget-image a img[src$=\".svg\"]{width:48px}.elementor-widget-image img{vertical-align:middle;display:inline-block}<\/style>\t\t\t\t\t\t\t\t\t\t\t\t<img loading=\"lazy\" decoding=\"async\" width=\"1024\" height=\"430\" src=\"https:\/\/bystron.com.pl\/wp-content\/uploads\/2022\/03\/Fotoram.io-1-1024x430.jpg\" class=\"attachment-large size-large\" alt=\"Domek Wroc\u0142aw\" srcset=\"https:\/\/bystron.com.pl\/wp-content\/uploads\/2022\/03\/Fotoram.io-1-1024x430.jpg 1024w, https:\/\/bystron.com.pl\/wp-content\/uploads\/2022\/03\/Fotoram.io-1-300x126.jpg 300w, https:\/\/bystron.com.pl\/wp-content\/uploads\/2022\/03\/Fotoram.io-1-768x323.jpg 768w, https:\/\/bystron.com.pl\/wp-content\/uploads\/2022\/03\/Fotoram.io-1.jpg 1200w\" sizes=\"auto, (max-width: 1024px) 100vw, 1024px\" \/>\t\t\t\t\t\t\t\t\t\t\t\t\t\t\t<\/div>\n\t\t\t\t<\/div>\n\t\t\t\t\t<\/div>\n\t\t<\/div>\n\t\t\t\t\t\t\t<\/div>\n\t\t<\/section>\n\t\t\t\t<section class=\"elementor-section elementor-top-section elementor-element elementor-element-d8355cc elementor-section-boxed elementor-section-height-default elementor-section-height-default\" data-id=\"d8355cc\" data-element_type=\"section\">\n\t\t\t\t\t\t<div class=\"elementor-container elementor-column-gap-default\">\n\t\t\t\t\t<div class=\"elementor-column elementor-col-100 elementor-top-column elementor-element elementor-element-bef4193\" data-id=\"bef4193\" data-element_type=\"column\">\n\t\t\t<div class=\"elementor-widget-wrap elementor-element-populated\">\n\t\t\t\t\t\t\t\t<div class=\"elementor-element elementor-element-b8460fe animated-slow elementor-invisible elementor-widget elementor-widget-image\" data-id=\"b8460fe\" data-element_type=\"widget\" data-settings=\"{&quot;_animation&quot;:&quot;fadeInRight&quot;}\" data-widget_type=\"image.default\">\n\t\t\t\t<div class=\"elementor-widget-container\">\n\t\t\t\t\t\t\t\t\t\t\t\t\t\t\t<img loading=\"lazy\" decoding=\"async\" width=\"1024\" height=\"430\" src=\"https:\/\/bystron.com.pl\/wp-content\/uploads\/2022\/03\/Fotoram.io-2-1-1024x430.jpg\" class=\"attachment-large size-large\" alt=\"Domek Wroc\u0142aw 2\" srcset=\"https:\/\/bystron.com.pl\/wp-content\/uploads\/2022\/03\/Fotoram.io-2-1-1024x430.jpg 1024w, https:\/\/bystron.com.pl\/wp-content\/uploads\/2022\/03\/Fotoram.io-2-1-300x126.jpg 300w, https:\/\/bystron.com.pl\/wp-content\/uploads\/2022\/03\/Fotoram.io-2-1-768x323.jpg 768w, https:\/\/bystron.com.pl\/wp-content\/uploads\/2022\/03\/Fotoram.io-2-1.jpg 1200w\" sizes=\"auto, (max-width: 1024px) 100vw, 1024px\" \/>\t\t\t\t\t\t\t\t\t\t\t\t\t\t\t<\/div>\n\t\t\t\t<\/div>\n\t\t\t\t\t<\/div>\n\t\t<\/div>\n\t\t\t\t\t\t\t<\/div>\n\t\t<\/section>\n\t\t\t\t\t\t<\/div>\n\t\t\t\t\t<\/div>\n\t\t","protected":false},"excerpt":{"rendered":"<p>\u00a0 Jeste\u015bmy jedynym w Polsce producentem pawilon\u00f3w handlowych na stoiska tematyczne! Nasze projekty mo\u017cna zobaczy\u0107 m.in. na Jarmarku Bo\u017conarodzeniowym we Wroc\u0142awiu<\/p>\n","protected":false},"author":1,"featured_media":0,"parent":0,"menu_order":0,"comment_status":"closed","ping_status":"closed","template":"page-templates\/template-pagebuilder-full-width.php","meta":{"neve_meta_sidebar":"","neve_meta_container":"","neve_meta_enable_content_width":"","neve_meta_content_width":0,"neve_meta_title_alignment":"","neve_meta_author_avatar":"","neve_post_elements_order":"","neve_meta_disable_header":"","neve_meta_disable_footer":"","neve_meta_disable_title":"","footnotes":""},"class_list":["post-65","page","type-page","status-publish","hentry"],"yoast_head":"<!-- This site is optimized with the Yoast SEO plugin v18.3 - https:\/\/yoast.com\/wordpress\/plugins\/seo\/ -->\n<title>BYSTRO\u0143 - ZPU Tomasz Bystro\u0144<\/title>\n<meta name=\"description\" content=\"ZPU Tomasz Bystro\u0144 to jedyny w Polsce producent pawilon\u00f3w handlowych na stoiska tematyczne oraz firma organizuj\u0105ca transport mi\u0119dzynarodowy.\" \/>\n<meta name=\"robots\" content=\"index, follow, max-snippet:-1, max-image-preview:large, max-video-preview:-1\" \/>\n<link rel=\"canonical\" href=\"https:\/\/bystron.com.pl\/\" \/>\n<meta property=\"og:locale\" content=\"pl_PL\" \/>\n<meta property=\"og:type\" content=\"article\" \/>\n<meta property=\"og:title\" content=\"BYSTRO\u0143 - ZPU Tomasz Bystro\u0144\" \/>\n<meta property=\"og:description\" content=\"ZPU Tomasz Bystro\u0144 to jedyny w Polsce producent pawilon\u00f3w handlowych na stoiska tematyczne oraz firma organizuj\u0105ca transport mi\u0119dzynarodowy.\" \/>\n<meta property=\"og:url\" content=\"https:\/\/bystron.com.pl\/\" \/>\n<meta property=\"og:site_name\" content=\"ZPU Tomasz Bystro\u0144\" \/>\n<meta property=\"article:modified_time\" content=\"2022-03-18T09:07:35+00:00\" \/>\n<meta property=\"og:image\" content=\"https:\/\/bystron.com.pl\/wp-content\/uploads\/2022\/03\/Fotoram.io-1-1024x430.jpg\" \/>\n<meta name=\"twitter:card\" content=\"summary_large_image\" \/>\n<meta name=\"twitter:label1\" content=\"Szacowany czas czytania\" \/>\n\t<meta name=\"twitter:data1\" content=\"1 minuta\" \/>\n<script type=\"application\/ld+json\" class=\"yoast-schema-graph\">{\"@context\":\"https:\/\/schema.org\",\"@graph\":[{\"@type\":\"WebSite\",\"@id\":\"https:\/\/bystron.com.pl\/#website\",\"url\":\"https:\/\/bystron.com.pl\/\",\"name\":\"ZPU Tomasz Bystro\u0144\",\"description\":\"Transport oraz produkcja pawilon\u00f3w handlowych\",\"potentialAction\":[{\"@type\":\"SearchAction\",\"target\":{\"@type\":\"EntryPoint\",\"urlTemplate\":\"https:\/\/bystron.com.pl\/?s={search_term_string}\"},\"query-input\":\"required name=search_term_string\"}],\"inLanguage\":\"pl-PL\"},{\"@type\":\"ImageObject\",\"@id\":\"https:\/\/bystron.com.pl\/#primaryimage\",\"inLanguage\":\"pl-PL\",\"url\":\"https:\/\/bystron.com.pl\/wp-content\/uploads\/2022\/03\/Fotoram.io-1.jpg\",\"contentUrl\":\"https:\/\/bystron.com.pl\/wp-content\/uploads\/2022\/03\/Fotoram.io-1.jpg\",\"width\":1200,\"height\":504,\"caption\":\"Domek Wroc\u0142aw\"},{\"@type\":\"WebPage\",\"@id\":\"https:\/\/bystron.com.pl\/#webpage\",\"url\":\"https:\/\/bystron.com.pl\/\",\"name\":\"BYSTRO\u0143 - ZPU Tomasz Bystro\u0144\",\"isPartOf\":{\"@id\":\"https:\/\/bystron.com.pl\/#website\"},\"primaryImageOfPage\":{\"@id\":\"https:\/\/bystron.com.pl\/#primaryimage\"},\"datePublished\":\"2022-03-16T07:14:12+00:00\",\"dateModified\":\"2022-03-18T09:07:35+00:00\",\"description\":\"ZPU Tomasz Bystro\u0144 to jedyny w Polsce producent pawilon\u00f3w handlowych na stoiska tematyczne oraz firma organizuj\u0105ca transport mi\u0119dzynarodowy.\",\"breadcrumb\":{\"@id\":\"https:\/\/bystron.com.pl\/#breadcrumb\"},\"inLanguage\":\"pl-PL\",\"potentialAction\":[{\"@type\":\"ReadAction\",\"target\":[\"https:\/\/bystron.com.pl\/\"]}]},{\"@type\":\"BreadcrumbList\",\"@id\":\"https:\/\/bystron.com.pl\/#breadcrumb\",\"itemListElement\":[{\"@type\":\"ListItem\",\"position\":1,\"name\":\"Strona g\u0142\u00f3wna\",\"item\":\"https:\/\/bystron.com.pl\/\"},{\"@type\":\"ListItem\",\"position\":2,\"name\":\"BYSTRO\u0143\"}]}]}<\/script>\n<!-- \/ Yoast SEO plugin. -->","yoast_head_json":{"title":"BYSTRO\u0143 - ZPU Tomasz Bystro\u0144","description":"ZPU Tomasz Bystro\u0144 to jedyny w Polsce producent pawilon\u00f3w handlowych na stoiska tematyczne oraz firma organizuj\u0105ca transport mi\u0119dzynarodowy.","robots":{"index":"index","follow":"follow","max-snippet":"max-snippet:-1","max-image-preview":"max-image-preview:large","max-video-preview":"max-video-preview:-1"},"canonical":"https:\/\/bystron.com.pl\/","og_locale":"pl_PL","og_type":"article","og_title":"BYSTRO\u0143 - ZPU Tomasz Bystro\u0144","og_description":"ZPU Tomasz Bystro\u0144 to jedyny w Polsce producent pawilon\u00f3w handlowych na stoiska tematyczne oraz firma organizuj\u0105ca transport mi\u0119dzynarodowy.","og_url":"https:\/\/bystron.com.pl\/","og_site_name":"ZPU Tomasz Bystro\u0144","article_modified_time":"2022-03-18T09:07:35+00:00","og_image":[{"url":"https:\/\/bystron.com.pl\/wp-content\/uploads\/2022\/03\/Fotoram.io-1-1024x430.jpg"}],"twitter_card":"summary_large_image","twitter_misc":{"Szacowany czas czytania":"1 minuta"},"schema":{"@context":"https:\/\/schema.org","@graph":[{"@type":"WebSite","@id":"https:\/\/bystron.com.pl\/#website","url":"https:\/\/bystron.com.pl\/","name":"ZPU Tomasz Bystro\u0144","description":"Transport oraz produkcja pawilon\u00f3w handlowych","potentialAction":[{"@type":"SearchAction","target":{"@type":"EntryPoint","urlTemplate":"https:\/\/bystron.com.pl\/?s={search_term_string}"},"query-input":"required name=search_term_string"}],"inLanguage":"pl-PL"},{"@type":"ImageObject","@id":"https:\/\/bystron.com.pl\/#primaryimage","inLanguage":"pl-PL","url":"https:\/\/bystron.com.pl\/wp-content\/uploads\/2022\/03\/Fotoram.io-1.jpg","contentUrl":"https:\/\/bystron.com.pl\/wp-content\/uploads\/2022\/03\/Fotoram.io-1.jpg","width":1200,"height":504,"caption":"Domek Wroc\u0142aw"},{"@type":"WebPage","@id":"https:\/\/bystron.com.pl\/#webpage","url":"https:\/\/bystron.com.pl\/","name":"BYSTRO\u0143 - ZPU Tomasz Bystro\u0144","isPartOf":{"@id":"https:\/\/bystron.com.pl\/#website"},"primaryImageOfPage":{"@id":"https:\/\/bystron.com.pl\/#primaryimage"},"datePublished":"2022-03-16T07:14:12+00:00","dateModified":"2022-03-18T09:07:35+00:00","description":"ZPU Tomasz Bystro\u0144 to jedyny w Polsce producent pawilon\u00f3w handlowych na stoiska tematyczne oraz firma organizuj\u0105ca transport mi\u0119dzynarodowy.","breadcrumb":{"@id":"https:\/\/bystron.com.pl\/#breadcrumb"},"inLanguage":"pl-PL","potentialAction":[{"@type":"ReadAction","target":["https:\/\/bystron.com.pl\/"]}]},{"@type":"BreadcrumbList","@id":"https:\/\/bystron.com.pl\/#breadcrumb","itemListElement":[{"@type":"ListItem","position":1,"name":"Strona g\u0142\u00f3wna","item":"https:\/\/bystron.com.pl\/"},{"@type":"ListItem","position":2,"name":"BYSTRO\u0143"}]}]}},"_links":{"self":[{"href":"https:\/\/bystron.com.pl\/index.php\/wp-json\/wp\/v2\/pages\/65","targetHints":{"allow":["GET"]}}],"collection":[{"href":"https:\/\/bystron.com.pl\/index.php\/wp-json\/wp\/v2\/pages"}],"about":[{"href":"https:\/\/bystron.com.pl\/index.php\/wp-json\/wp\/v2\/types\/page"}],"author":[{"embeddable":true,"href":"https:\/\/bystron.com.pl\/index.php\/wp-json\/wp\/v2\/users\/1"}],"replies":[{"embeddable":true,"href":"https:\/\/bystron.com.pl\/index.php\/wp-json\/wp\/v2\/comments?post=65"}],"version-history":[{"count":14,"href":"https:\/\/bystron.com.pl\/index.php\/wp-json\/wp\/v2\/pages\/65\/revisions"}],"predecessor-version":[{"id":203,"href":"https:\/\/bystron.com.pl\/index.php\/wp-json\/wp\/v2\/pages\/65\/revisions\/203"}],"wp:attachment":[{"href":"https:\/\/bystron.com.pl\/index.php\/wp-json\/wp\/v2\/media?parent=65"}],"curies":[{"name":"wp","href":"https:\/\/api.w.org\/{rel}","templated":true}]}}